{"id":797,"date":"2021-03-13T08:41:08","date_gmt":"2021-03-13T07:41:08","guid":{"rendered":"http:\/\/bape19.com\/?page_id=797"},"modified":"2022-02-16T15:26:53","modified_gmt":"2022-02-16T14:26:53","slug":"archives","status":"publish","type":"page","link":"https:\/\/bape19.com\/?page_id=797","title":{"rendered":"ARCHIVES"},"content":{"rendered":"\n<p class=\"has-text-align-center wp-block-paragraph\">1\u00a0553 vues<\/p>\n\n\n\n<div class=\"wp-block-file\"><a id=\"wp-block-file--media-b29f272d-6c36-40a9-8c0d-c661680c8071\" href=\"https:\/\/bape19.com\/wp-content\/uploads\/2022\/02\/2021-LUMIERE-DE-LA-CROIX-DU-SUD.odt\">2021-LUMIERE-DE-LA-CROIX-DU-SUD<\/a><a href=\"https:\/\/bape19.com\/wp-content\/uploads\/2022\/02\/2021-LUMIERE-DE-LA-CROIX-DU-SUD.odt\" class=\"wp-block-file__button\" download aria-describedby=\"wp-block-file--media-b29f272d-6c36-40a9-8c0d-c661680c8071\">T\u00e9l\u00e9charger<\/a><\/div>\n\n\n\n<div data-wp-interactive=\"core\/file\" class=\"wp-block-file\"><object data-wp-bind--hidden=\"!state.hasPdfPreview\" hidden class=\"wp-block-file__embed\" data=\"https:\/\/bape19.com\/wp-content\/uploads\/2021\/10\/je-ne-suis-pas-Catholique-V-Margron.pdf\" type=\"application\/pdf\" style=\"width:100%;height:200px\" aria-label=\"Contenu embarqu\u00e9 Embed of je-ne-suis-pas-Catholique-V-Margron..\"><\/object><a id=\"wp-block-file--media-2bdf87a5-2d03-4089-9619-ba0242c17ff4\" href=\"https:\/\/bape19.com\/wp-content\/uploads\/2021\/10\/je-ne-suis-pas-Catholique-V-Margron.pdf\">je-ne-suis-pas-Catholique-V-Margron<\/a><a href=\"https:\/\/bape19.com\/wp-content\/uploads\/2021\/10\/je-ne-suis-pas-Catholique-V-Margron.pdf\" class=\"wp-block-file__button\" download aria-describedby=\"wp-block-file--media-2bdf87a5-2d03-4089-9619-ba0242c17ff4\">T\u00e9l\u00e9charger<\/a><\/div>\n\n\n\n<div data-wp-interactive=\"core\/file\" class=\"wp-block-file\"><object data-wp-bind--hidden=\"!state.hasPdfPreview\" hidden class=\"wp-block-file__embed\" data=\"https:\/\/bape19.com\/wp-content\/uploads\/2021\/07\/2021-06-le-moment-est-venu-de-changer.pdf\" type=\"application\/pdf\" style=\"width:100%;height:200px\" aria-label=\"Contenu embarqu\u00e9 Embed of 2021-06-le-moment-est-venu-de-changer..\"><\/object><a id=\"wp-block-file--media-8c61b2ea-36c4-4768-b3cc-82f0929cdfa7\" href=\"https:\/\/bape19.com\/wp-content\/uploads\/2021\/07\/2021-06-le-moment-est-venu-de-changer.pdf\">2021-06-le-moment-est-venu-de-changer<\/a><a href=\"https:\/\/bape19.com\/wp-content\/uploads\/2021\/07\/2021-06-le-moment-est-venu-de-changer.pdf\" class=\"wp-block-file__button\" download aria-describedby=\"wp-block-file--media-8c61b2ea-36c4-4768-b3cc-82f0929cdfa7\">T\u00e9l\u00e9charger<\/a><\/div>\n\n\n\n<div data-wp-interactive=\"core\/file\" class=\"wp-block-file\"><object data-wp-bind--hidden=\"!state.hasPdfPreview\" hidden class=\"wp-block-file__embed\" data=\"https:\/\/bape19.com\/wp-content\/uploads\/2021\/06\/leglise-de-demain-seraplus-modeste-et-humble-Cardinal-Joseph-De-Kesel-1.pdf\" type=\"application\/pdf\" style=\"width:100%;height:210px\" aria-label=\"Contenu embarqu\u00e9 Embed of 2021 26 Mai - leglise-de-demain-seraplus-modeste-et-humble-Cardinal-Joseph-De-Kesel-1..\"><\/object><a id=\"wp-block-file--media-ab84d86a-f848-4cb1-85e6-97a071ced821\" href=\"https:\/\/bape19.com\/wp-content\/uploads\/2021\/06\/leglise-de-demain-seraplus-modeste-et-humble-Cardinal-Joseph-De-Kesel-1.pdf\">2021 26 Mai &#8211; leglise-de-demain-seraplus-modeste-et-humble-Cardinal-Joseph-De-Kesel-1<\/a><a href=\"https:\/\/bape19.com\/wp-content\/uploads\/2021\/06\/leglise-de-demain-seraplus-modeste-et-humble-Cardinal-Joseph-De-Kesel-1.pdf\" class=\"wp-block-file__button\" download aria-describedby=\"wp-block-file--media-ab84d86a-f848-4cb1-85e6-97a071ced821\">Download<\/a><\/div>\n\n\n\n<div data-wp-interactive=\"core\/file\" class=\"wp-block-file\"><object data-wp-bind--hidden=\"!state.hasPdfPreview\" hidden class=\"wp-block-file__embed\" data=\"https:\/\/bape19.com\/wp-content\/uploads\/2021\/05\/Au-centre-pastoral-Saint-Merry-navigation-par-gros-temps-1.pdf\" type=\"application\/pdf\" style=\"width:100%;height:200px\" aria-label=\"Contenu embarqu\u00e9 Embed of 2021-04-Au-centre-pastoral-Saint-Merry-navigation-par-gros-temps-1..\"><\/object><a id=\"wp-block-file--media-b4582268-2ff6-49dc-8265-14b90fec8f2c\" href=\"https:\/\/bape19.com\/wp-content\/uploads\/2021\/05\/Au-centre-pastoral-Saint-Merry-navigation-par-gros-temps-1.pdf\">2021-04-Au-centre-pastoral-Saint-Merry-navigation-par-gros-temps-1<\/a><a href=\"https:\/\/bape19.com\/wp-content\/uploads\/2021\/05\/Au-centre-pastoral-Saint-Merry-navigation-par-gros-temps-1.pdf\" class=\"wp-block-file__button\" download aria-describedby=\"wp-block-file--media-b4582268-2ff6-49dc-8265-14b90fec8f2c\">T\u00e9l\u00e9charger<\/a><\/div>\n\n\n\n<div class=\"wp-block-file\"><a id=\"wp-block-file--media-fb2f6888-bfb0-436e-9ee5-1a4328a542eb\" href=\"https:\/\/bape19.com\/wp-content\/uploads\/2021\/03\/2021-02-LE-REFUS-DU-DEBAT-DANS-LEGLISE-...-EST-SUICIDAIRE-.pdf\">2021-02-LE-REFUS-DU-DEBAT-DANS-LEGLISE-&#8230;-EST-SUICIDAIRE-<\/a><a href=\"https:\/\/bape19.com\/wp-content\/uploads\/2021\/03\/2021-02-LE-REFUS-DU-DEBAT-DANS-LEGLISE-...-EST-SUICIDAIRE-.pdf\" class=\"wp-block-file__button\" download aria-describedby=\"wp-block-file--media-fb2f6888-bfb0-436e-9ee5-1a4328a542eb\">T\u00e9l\u00e9charger<\/a><\/div>\n\n\n\n<h1 class=\"wp-block-heading\" id=\"revue-de-presse\">Revue de presse<\/h1>\n\n\n\n<h1 class=\"wp-block-heading\" id=\"accueil\">Accueil<\/h1>\n\n\n\n<h2 class=\"has-text-align-center has-text-color has-background has-large-font-size wp-block-heading\" id=\"motu-proprio-traditionis-custodes\" style=\"background-color:#dbc8ea;color:#833f3f\"><strong>Motu Proprio <\/strong><br><strong>Traditionis Custodes<\/strong><\/h2>\n\n\n\n<p class=\"has-text-align-center has-medium-font-size wp-block-paragraph\"><strong> Bertrand Revillon* &#8211; 20 juillet 2021<\/strong><\/p>\n\n\n\n<p class=\"has-text-align-center wp-block-paragraph\"><a href=\"https:\/\/www.facebook.com\/bertrand.revillion\/posts\/5660641737339917&quot;La\">https:\/\/www.facebook.com\/bertrand.revillion\/posts\/5660641737339917&Prime;<\/a><\/p>\n\n\n\n<pre class=\"wp-block-preformatted has-normal-font-size\">La r\u00e9cente mise au point du pape Fran\u00e7ois au sujet de la possibilit\u00e9 de c\u00e9l\u00e9brer la messe selon le rite ant\u00e9conciliaire (Motu Proprio Traditionis Custodes) suscite nombre de r\u00e9actions \u00ab contrast\u00e9es \u00bb. Virant tristement ici o\u00f9 l\u00e0 au pugilat et \u00e0 l'anath\u00e8me. \nCertains se r\u00e9jouissent qu'un contr\u00f4le renforc\u00e9 \u00e9vite les d\u00e9rives et les replis identitaires qui cachent la strat\u00e9gie de remise en cause du concile Vatican II orchestr\u00e9e depuis des ann\u00e9es par les milieux ultra-conservateurs. \nD'autre y voient une mise en cause intol\u00e9rable de leur l\u00e9gitime libert\u00e9 de choisir un rite correspondant mieux \u00e0 leur sensibilit\u00e9 liturgique et \u00e0 leur conception du \u00ab sacr\u00e9 \u00bb, de la transcendance et du \u00ab Beau \u00bb. \nVieux d\u00e9bat dont la France, particuli\u00e8rement, a le secret !\nLa r\u00e9action d'une part de l'\u00e9piscopat fran\u00e7ais est r\u00e9v\u00e9latrice depuis quelques jours d'une g\u00eane vis \u00e0 vis de ce \"motu proprio\", certains \u00e9v\u00eaques, constatant depuis quelques ann\u00e9es une forme d'apaisement et craignant une r\u00e9activation de la \u00ab guerre liturgique \u00bb. \nPlusieurs communiqu\u00e9s \u00e9piscopaux t\u00e9moignent de cette inqui\u00e9tude et d\u00e9ploient des tr\u00e9sors de diplomatie pour rassurer pr\u00eatres et communaut\u00e9s attach\u00e9s \u00e0 l'ancien rite. \nOn peut, bien s\u00fbr, comprendre et respecter ce souci de communion exprim\u00e9 par les \u00e9v\u00eaques. Et la volont\u00e9 d'entendre les \"sensibilit\u00e9s\" liturgiques des uns comme des autres. \nPeut-on cependant, sans pol\u00e9miquer, dire aussi que cette attention particuli\u00e8re tr\u00e8s marqu\u00e9e (certains diront \"unilat\u00e9rale\") en direction des catholiques attach\u00e9s au rite dit \u00ab tridentin \u00bb (messe dite de \u00ab saint Pie V \u00bb dont la derni\u00e8re version a \u00e9t\u00e9 faite sous le \npontificat de Jean XXIII) heurte et choque nombre de pratiquants fid\u00e8les aux \u00e9volutions liturgiques du Concile. \nCes catholiques ont pu tout aussi l\u00e9gitimement \u00eatre, eux-aussi, bless\u00e9s ces vingt derni\u00e8res ann\u00e9es par les remises en cause r\u00e9p\u00e9t\u00e9es des apports liturgiques de Vatican II. \nIls ont pu interpr\u00e9ter dans le pr\u00e9c\u00e9dent \u00ab Motu Proprio \u00bb sign\u00e9 de Beno\u00eet XVI (Summorum Pontificum 2007), instaurant (fait rare dans l\u2019histoire) la coexistence de deux rites eucharistiques dans l'\u00c9glise catholique romaine, comme une critique en creux de la messe dite de \u00ab Paul VI \u00bb. \nLes innombrables efforts de Rome pour tendre avec patience la main \u00e0 des courants traditionalistes refusant toute \u00e9volution ont pu \u00e9galement les lasser. \nLe refus de certains pr\u00eatres de conc\u00e9l\u00e9brer, m\u00eame \u00e9pisodiquement (\u00e0 la messe chrismale, par exemple) selon le rituel conciliaire a pu \u00e9galement leur donner le sentiment qu\u2019il y avait parfois deux poids et deux mesures. \nDe m\u00eame que l'arriv\u00e9e en paroisse d'une nouvelle g\u00e9n\u00e9ration de pr\u00eatres imposant parfois, sans trop s'encombrer de dialogue, le retour \u00e0 une forme de c\u00e9l\u00e9bration empruntant beaucoup \u00e0 l'ancien rite leur a donn\u00e9 le sentiment d\u2019un grignotage progressif \nde cette f\u00e9conde \u00e9volution dans la mani\u00e8re de c\u00e9l\u00e9brer l\u2019eucharistie qui les avait tant r\u00e9jouis dans le sillage du Concile.\nCes catholiques, pendant toutes ces ann\u00e9es, n'ont pas fait de p\u00e9tition, pas organis\u00e9 de manifestation, pas cri\u00e9 \u00e0 l\u2019infid\u00e9lit\u00e9 de l\u2019\u00c9glise et des papes. \nIls ont fait, le plus souvent, contre mauvaise fortune bon c\u0153ur et tent\u00e9s d\u2019accueillir de discr\u00e8tes mais r\u00e9p\u00e9t\u00e9es modifications liturgiques qui, pourtant, les heurtaient : hyper resacralisation, recentrage sur le seul pr\u00eatre c\u00e9l\u00e9brant, insistance pour donner la communion dans la bouche, retour \u00e0 des v\u00eatures et objets liturgiques \nd\u2019hier (voire d\u2019avant hier), limitations du r\u00f4le des la\u00efcs, femmes interdites d\u2019acc\u00e8s au ch\u0153ur et parfois \u00e9galement interdite de lectures bibliques, service de l\u2019autel r\u00e9serv\u00e9 aux seuls gar\u00e7ons\u2026 On ne compte plus les entorses faites \u00e0 l\u2019esprit de Vatican II.\nCes catholiques peuvent, eux-aussi, l\u00e9gitimement, se sentir parfois malmen\u00e9s et comprendre difficilement cette sollicitude \u00e0 sens unique en direction de tenants d\u2019un retour \u00e0 une forme liturgique qui s\u2019\u00e9loigne de plus en plus des apports du Concile.\nIls sont nombreux \u00e0 regretter (dans un silence attrist\u00e9 et parfois d\u00e9j\u00e0 sur un chemin d\u2019\u00e9loignement de l\u2019\u00c9glise) que les communiqu\u00e9s r\u00e9cents ne s\u2019adressent pas \u00e9galement \u00e0 eux pour les conforter dans leur fid\u00e9lit\u00e9 liturgique \u00e0 Vatican II. \nLe r\u00e9cent texte de Fran\u00e7ois les a r\u00e9jouis, sans les plonger dans la st\u00e9rilit\u00e9 d\u2019un esprit \u00ab revanchard \u00bb. \nSans doute aimeraient-ils \u00ab entendre \u00bb plus fortement, sur ce sujet sensible de la liturgie, la sollicitude et les encouragements de leurs pasteurs\u2026\"\n\n<em>(1) Bertrand R\u00e9villion, n\u00e9 en 1958 \u00e0 Lille, est un journaliste fran\u00e7ais. \nPhilosophe, journaliste, \u00e9diteur, Bertrand R\u00e9villion travaille pour la presse \u00e9crite, \nl'audio-visuel et l'\u00e9dition. Il collabore depuis 2011 \u00e0 plusieurs magazines fran\u00e7ais dont \nnotamment Psychologies Magazine pour une rubrique \"philosophie et spiritualit\u00e9\", ainsi \nqu\u2019au mensuel Prier. \nIl est \u00e9galement Directeur \u00e9ditorial adjoint des \u00e9ditions M\u00e9diaspaul.\nIl consacre une part de son temps \u00e0 l'\u00e9criture, et donne r\u00e9guli\u00e8rement des conf\u00e9rences<\/em><\/pre>\n\n\n\n<p class=\"wp-block-paragraph\">1\u00a0553 vues<\/p>\n","protected":false},"excerpt":{"rendered":"<p>Revue de presse Accueil Motu Proprio Traditionis Custodes Bertrand Revillon* &#8211; 20 juillet 2021 https:\/\/www.facebook.com\/bertrand.revillion\/posts\/5660641737339917&Prime; La r\u00e9cente mise au point du pape Fran\u00e7ois au sujet de la possibilit\u00e9 de c\u00e9l\u00e9brer la messe selon le rite ant\u00e9conciliaire (Motu Proprio Traditionis Custodes) &hellip; <a href=\"https:\/\/bape19.com\/?page_id=797\">Continuer la lecture <span class=\"meta-nav\">&rarr;<\/span><\/a><\/p>\n","protected":false},"author":1,"featured_media":0,"parent":0,"menu_order":0,"comment_status":"closed","ping_status":"closed","template":"","meta":{"_crdt_document":"","footnotes":""},"class_list":["post-797","page","type-page","status-publish","hentry"],"_links":{"self":[{"href":"https:\/\/bape19.com\/index.php?rest_route=\/wp\/v2\/pages\/797","targetHints":{"allow":["GET"]}}],"collection":[{"href":"https:\/\/bape19.com\/index.php?rest_route=\/wp\/v2\/pages"}],"about":[{"href":"https:\/\/bape19.com\/index.php?rest_route=\/wp\/v2\/types\/page"}],"author":[{"embeddable":true,"href":"https:\/\/bape19.com\/index.php?rest_route=\/wp\/v2\/users\/1"}],"replies":[{"embeddable":true,"href":"https:\/\/bape19.com\/index.php?rest_route=%2Fwp%2Fv2%2Fcomments&post=797"}],"version-history":[{"count":12,"href":"https:\/\/bape19.com\/index.php?rest_route=\/wp\/v2\/pages\/797\/revisions"}],"predecessor-version":[{"id":1054,"href":"https:\/\/bape19.com\/index.php?rest_route=\/wp\/v2\/pages\/797\/revisions\/1054"}],"wp:attachment":[{"href":"https:\/\/bape19.com\/index.php?rest_route=%2Fwp%2Fv2%2Fmedia&parent=797"}],"curies":[{"name":"wp","href":"https:\/\/api.w.org\/{rel}","templated":true}]}}