{"id":439,"date":"2020-03-14T12:01:17","date_gmt":"2020-03-14T11:01:17","guid":{"rendered":"http:\/\/bape19.com\/?page_id=439"},"modified":"2022-02-14T13:38:53","modified_gmt":"2022-02-14T12:38:53","slug":"espace-priere","status":"publish","type":"page","link":"https:\/\/bape19.com\/?page_id=439","title":{"rendered":"ESPACE PRI\u00c8RE"},"content":{"rendered":"\n<figure class=\"wp-block-image size-large is-resized\"><img loading=\"lazy\" decoding=\"async\" src=\"https:\/\/bape19.com\/wp-content\/uploads\/2020\/11\/Sans-nom-1.png\" alt=\"\" class=\"wp-image-713\" width=\"669\" height=\"172\" srcset=\"https:\/\/bape19.com\/wp-content\/uploads\/2020\/11\/Sans-nom-1.png 898w, https:\/\/bape19.com\/wp-content\/uploads\/2020\/11\/Sans-nom-1-300x77.png 300w, https:\/\/bape19.com\/wp-content\/uploads\/2020\/11\/Sans-nom-1-768x198.png 768w\" sizes=\"auto, (max-width: 669px) 100vw, 669px\" \/><figcaption>NOUS PARTAGEONS ICI LES PRI\u00c8RES, PSAUMES, MEDITATIONS \u2026 que vous voulez partager avec nous pour soutenir notre foi, notre esp\u00e9rance et notre charit\u00e9\u2026<\/figcaption><\/figure>\n\n\n\n<p class=\"has-text-align-center wp-block-paragraph\">1\u00a0766 vues<\/p>\n\n\n\n<h1 class=\"wp-block-heading\" id=\"priere-pour-ceux-qui-travaillent-a-la-vigne\"><strong>Pri\u00e8re pour ceux qui travaillent \u00e0 la vigne<\/strong><\/h1>\n\n\n\n<p class=\"has-drop-cap has-background wp-block-paragraph\" style=\"background-color:#ddeaf7\">Seigneur J\u00e9sus, tu nous as choisis pour travailler \u00e0 ta vigne, pour la rendre plus vivante. Tu nous as appel\u00e9s pour servir dans la charit\u00e9 nos fr\u00e8res et nos s\u0153urs. Ouvre nos yeux aux besoins et aux aspirations des plus petits, des plus bless\u00e9s. Ouvre notre intelligence \u00e0 ta parole afin qu&rsquo;elle soit notre lumi\u00e8re. Ouvre nos c\u0153urs \u00e0 l&rsquo;amour afin que naisse en nous tous, une ardeur nouvelle, un feu nouveau.<br>Nous comptons sur Toi, Seigneur, pour vivre cette rencontre dans la fraternit\u00e9 et le respect mutuel.<br>Nous confions la pr\u00e9sidence de cette rencontre \u00e0 ton Esprit Saint. Qu&rsquo;il soit notre guide, notre conseiller.<br>Seigneur, nous voulons \u00eatre des t\u00e9moins authentiques de ton message, des artisans d&rsquo;un monde nouveau. Cette mission, nous voulons la vivre dans l&rsquo;humilit\u00e9 du bon et fid\u00e8le serviteur.<br>Esprit Saint, \u00e9claire nous. Amen.<br><br><em><strong>Pri\u00e8re extraite du Guide du P\u00e8lerin, Auteur inconnu<\/strong><\/em><\/p>\n\n\n\n<h2 class=\"has-text-color wp-block-heading\" id=\"beatitudes-pour-notre-temps-envoye-par-philippe\" style=\"color:#df1c43\"><strong><strong>B\u00c9ATITUDES POUR NOTRE TEMPS<\/strong><\/strong>, envoy\u00e9 par Philippe<\/h2>\n\n\n\n<p class=\"has-drop-cap has-text-align-center has-background has-normal-font-size wp-block-paragraph\" style=\"background-color:#dbf0e2\"><em><strong>Heureux<\/strong> celles et ceux dont la soif de grandir reste plus forte que toute immobilit\u00e9.<\/em><br><em><strong>Heureux<\/strong> celles et ceux qui, au del\u00e0 de tous les amalgames, pr\u00e9jug\u00e9s et craintes, osent la confiance, et font de la rencontre de l\u2019autre le tr\u00e9sor de leur passage ici bas.<br><strong>Heureux<\/strong> celles et ceux qui se gardent de blesser et de caricaturer tout autre forme de que la leur, ils font \u0153uvre de paix.<br><strong>Heureux<\/strong> celles et ceux que les d\u00e9sordres du monde naturel interrogent et qui apportent des changements r\u00e9els \u00e0 leur mani\u00e8re de vivre, loin de toute condamnation d&rsquo;autrui.<br><strong>Heureux<\/strong> celles et ceux qui, au del\u00e0 de toute fatigue, de toute lassitude, se l\u00e8vent le matin et assument avec simplicit\u00e9 et d\u00e9termination les diff\u00e9rentes responsabilit\u00e9s, travaux, auxquels la vie les envoie, sans s&rsquo;obliger \u00e0 en r\u00e9pandre la teneur sur les r\u00e9seaux sociaux du moment.<br><strong>Heureux<\/strong> celles et ceux qui ne se d\u00e9sesp\u00e8rent pas d&rsquo;esp\u00e9rer, ils sont comme une lampe qui r\u00e9chauffe le c\u0153ur et rend la lumi\u00e8re \u00e0 toute obscurit\u00e9.<br><strong>Heureux<\/strong> celles et ceux qui croient, et font confiance \u00e0 Dieu bien plus loin que le nom qu&rsquo;ils lui donnent, leur pri\u00e8re est comme un lien qui nous tient en communion avec le Seigneur.<br><strong>Heureux<\/strong> celles et ceux qui choisissent de vivre, inlassablement et quel que soit le temps, et gardent leur c\u0153ur et leurs mains grand ouverts, dussent-ils en raison des circonstances, demeurer confin\u00e9s.<br><strong>Heureux<\/strong>, bienheureux, tous les enfants de Dieu, foule immense que nul ne peut d\u00e9nombrer, car vos noms sont inscrits dans les cieux<br>&#8230;.<br><strong>Heureux <\/strong>ceux et celles qui ne r\u00eavent pas, tourn\u00e9s vers le pass\u00e9, de revenir \u00e0 la vie comme AVANT, mais qui, tourn\u00e9s vers le pr\u00e9sent et l&rsquo;avenir, vivent l&rsquo;AVENT dans l&rsquo;esp\u00e9rance du R\u00e8gne du Seigneur JESUS.<br><strong>Heureux<\/strong> ceux et celles qui d\u00e9sirent de tout leur C\u0153ur et de toutes leurs forces un monde O\u00f9 tous sauront accueillir Celui qui vient sauver son peuple !<br>Amen.<\/em><br>par le p\u00e8re Mathias Leclair du dioc\u00e8se de Cahors <\/p>\n\n\n\n<h2 class=\"has-text-color wp-block-heading\" id=\"je-reste-a-la-maison-envoye-par-jacquotte\" style=\"color:#4ea757\">JE RESTE A LA MAISON ! envoy\u00e9 par Jacquotte<\/h2>\n\n\n\n<div class=\"wp-block-group has-background\" style=\"background-color:#c5c0dd\"><div class=\"wp-block-group__inner-container is-layout-flow wp-block-group-is-layout-flow\">\n<p class=\"has-drop-cap has-background has-normal-font-size wp-block-paragraph\" style=\"background-color:#f2e4f3\"><strong>Je reste \u00e0 la maison seigneur<\/strong><br>Et aujourd\u2019hui, je m\u2019en rends compte,<br> Tu m\u2019as appris cela,<br> Demeurant ob\u00e9issant au P\u00e8re,<br> Pendant trente ans dans la maison de Nazareth,<br> En attente de la grande mission.<br>&#8230;<br><br><em> Pour lire la suite t\u00e9l\u00e9charger le fichier ci-dessous<\/em><\/p>\n<\/div><\/div>\n\n\n\n<div class=\"wp-block-file\"><a id=\"wp-block-file--media-2e182e59-f1c5-4c34-8007-225adeb2fb44\" href=\"https:\/\/bape19.com\/wp-content\/uploads\/2020\/03\/JE-RESTE-A\u0300-LA-MAISON-1-1.pdf\">JE-RESTE-A\u0300-LA-MAISON-1-1<\/a><a href=\"https:\/\/bape19.com\/wp-content\/uploads\/2020\/03\/JE-RESTE-A\u0300-LA-MAISON-1-1.pdf\" class=\"wp-block-file__button\" download aria-describedby=\"wp-block-file--media-2e182e59-f1c5-4c34-8007-225adeb2fb44\">T\u00e9l\u00e9charger<\/a><\/div>\n\n\n\n<h2 class=\"has-text-color wp-block-heading\" id=\"je-crois-envoye-par-suzanne-p\" style=\"color:#d05d0f\">JE CROIS &#8230;envoy\u00e9 par Suzanne P.<\/h2>\n\n\n\n<div class=\"wp-block-group has-background\" style=\"background-color:#e7f2da\"><div class=\"wp-block-group__inner-container is-layout-flow wp-block-group-is-layout-flow\">\n<p class=\"has-drop-cap wp-block-paragraph\"><strong>Nous croyons que chacune des initiatives pour le service des <\/strong>\u00ab\u00a0<strong>Nous croyons en un seul Dieu<\/strong><em>\u00ab\u00a0<\/em><em>, <\/em>cr\u00e9ateur de l\u2019univers, de tout ce qui fait notre plan\u00e8te: l\u2019eau, l\u2019air, la terre, le feu, les plantes, les animaux, et tous les \u00eatres vivants. Il est pour nous, P\u00e8re de tous: femmes, hommes, jeunes, enfants.<\/p>\n\n\n\n<p class=\"wp-block-paragraph\"><em>Pour lire la suite t\u00e9l\u00e9charger le fichier ci-dessous<\/em><\/p>\n<\/div><\/div>\n\n\n\n<div class=\"wp-block-file\"><a id=\"wp-block-file--media-9cf085ca-b2e5-4387-b711-91c4b8f04057\" href=\"https:\/\/bape19.com\/wp-content\/uploads\/2020\/03\/Nous-croyons-en-un-seul-dieu.pdf\">Nous-croyons-en-un-seul-dieu<\/a><a href=\"https:\/\/bape19.com\/wp-content\/uploads\/2020\/03\/Nous-croyons-en-un-seul-dieu.pdf\" class=\"wp-block-file__button\" download aria-describedby=\"wp-block-file--media-9cf085ca-b2e5-4387-b711-91c4b8f04057\">T\u00e9l\u00e9charger<\/a><\/div>\n\n\n\n<p class=\"wp-block-paragraph\">1\u00a0766 vues<\/p>\n","protected":false},"excerpt":{"rendered":"<p>Pri\u00e8re pour ceux qui travaillent \u00e0 la vigne Seigneur J\u00e9sus, tu nous as choisis pour travailler \u00e0 ta vigne, pour la rendre plus vivante. Tu nous as appel\u00e9s pour servir dans la charit\u00e9 nos fr\u00e8res et nos s\u0153urs. Ouvre nos &hellip; <a href=\"https:\/\/bape19.com\/?page_id=439\">Continuer la lecture <span class=\"meta-nav\">&rarr;<\/span><\/a><\/p>\n","protected":false},"author":1,"featured_media":0,"parent":0,"menu_order":0,"comment_status":"closed","ping_status":"closed","template":"","meta":{"_crdt_document":"","footnotes":""},"class_list":["post-439","page","type-page","status-publish","hentry"],"_links":{"self":[{"href":"https:\/\/bape19.com\/index.php?rest_route=\/wp\/v2\/pages\/439","targetHints":{"allow":["GET"]}}],"collection":[{"href":"https:\/\/bape19.com\/index.php?rest_route=\/wp\/v2\/pages"}],"about":[{"href":"https:\/\/bape19.com\/index.php?rest_route=\/wp\/v2\/types\/page"}],"author":[{"embeddable":true,"href":"https:\/\/bape19.com\/index.php?rest_route=\/wp\/v2\/users\/1"}],"replies":[{"embeddable":true,"href":"https:\/\/bape19.com\/index.php?rest_route=%2Fwp%2Fv2%2Fcomments&post=439"}],"version-history":[{"count":19,"href":"https:\/\/bape19.com\/index.php?rest_route=\/wp\/v2\/pages\/439\/revisions"}],"predecessor-version":[{"id":1033,"href":"https:\/\/bape19.com\/index.php?rest_route=\/wp\/v2\/pages\/439\/revisions\/1033"}],"wp:attachment":[{"href":"https:\/\/bape19.com\/index.php?rest_route=%2Fwp%2Fv2%2Fmedia&parent=439"}],"curies":[{"name":"wp","href":"https:\/\/api.w.org\/{rel}","templated":true}]}}