{"id":411,"date":"2020-03-03T16:30:03","date_gmt":"2020-03-03T15:30:03","guid":{"rendered":"http:\/\/bape19.com\/?page_id=411"},"modified":"2021-12-07T11:47:53","modified_gmt":"2021-12-07T10:47:53","slug":"dernieres-nouvelles","status":"publish","type":"page","link":"https:\/\/bape19.com\/?page_id=411","title":{"rendered":"DERNI\u00c8RES NOUVELLES"},"content":{"rendered":"\n<figure class=\"wp-block-image size-large is-resized\"><img loading=\"lazy\" decoding=\"async\" src=\"https:\/\/bape19.com\/wp-content\/uploads\/2020\/11\/Dernieres-nouvelles.png\" alt=\"\" class=\"wp-image-727\" width=\"668\" height=\"162\" srcset=\"https:\/\/bape19.com\/wp-content\/uploads\/2020\/11\/Dernieres-nouvelles.png 898w, https:\/\/bape19.com\/wp-content\/uploads\/2020\/11\/Dernieres-nouvelles-300x73.png 300w, https:\/\/bape19.com\/wp-content\/uploads\/2020\/11\/Dernieres-nouvelles-768x187.png 768w\" sizes=\"auto, (max-width: 668px) 100vw, 668px\" \/><\/figure>\n\n\n\n<hr class=\"wp-block-separator has-text-color has-background has-black-background-color has-black-color is-style-wide\"\/>\n\n\n\n<h2 class=\"wp-block-heading\" id=\"views\">6\u00a0767 vues<\/h2>\n\n\n\n<h2 class=\"has-text-color wp-block-heading\" id=\"la-revolution-de-la-misericorde-et-un-nouvel-oeucumenisme-mgr-tomas-halik\" style=\"color:#f70e54\"><strong><strong>LA R\u00c9VOLUTION DE LA MIS\u00c9RICORDE ET UN NOUVEL OEUCUM\u00c9NISME &#8211; <\/strong>Mgr. Tomas Halik<\/strong><\/h2>\n\n\n\n<p class=\"has-background wp-block-paragraph\" style=\"background-color:#ffffc7\">Tribune Professeur de philosophie et de sociologie de la religion \u00e0 l\u2019Universit\u00e9 Charles de Prague, Mgr&nbsp;Tomas Halik s\u2019inqui\u00e8te du foss\u00e9 qui grandit au sein de l\u2019\u00c9glise catholique entre partisans d\u2019une religion l\u00e9galiste, tourn\u00e9s vers le pass\u00e9, et d\u00e9fenseurs d\u2019une r\u00e9volution de la mis\u00e9ricorde, attentifs aux signes des temps.<br><a href=\"https:\/\/bape19.com\/wp-content\/uploads\/2020\/12\/2020-12-revolution-misericorde-Mgr-Thomas-Halik.pdf\" target=\"_blank\" rel=\"noreferrer noopener\">https:\/\/bape19.com\/wp-content\/uploads\/2020\/12\/2020-12-revolution-misericorde-Mgr-Thomas-Halik.pdf<\/a><\/p>\n\n\n\n<h2 class=\"has-blue-color has-text-color wp-block-heading\" id=\"hors-de-la-messe-point-de-salut-anne-baujar-anne-marie-pelletier\"><strong>HORS DE LA MESSE POINT DE SALUT<\/strong> &#8211; Anne Baujar &amp; Anne-Marie Pelletier<\/h2>\n\n\n\n<p class=\"has-background wp-block-paragraph\" style=\"background-color:#cfe1e8\">Tribune Monique Baujard, doctorante en th\u00e9ologie et Anne-Marie Pelletier, bibliste,<br>r\u00e9agissent \u00e0 la saisie du Conseil d\u2019\u00c9tat par de nombreux \u00e9v\u00eaques qui demandent la lev\u00e9e de l\u2019interdiction des cultes publics. <br>La v\u00e9ritable fid\u00e9lit\u00e9, aujourd\u2019hui n\u2019est pas dans la d\u00e9fense crisp\u00e9e de pratiques traditionnelles en train de s\u2019effondrer, mais dans la confiance et la g\u00e9n\u00e9rosit\u00e9 qui nous rendent pr\u00e9sents et solidaires avec une soci\u00e9t\u00e9 remplie d\u2019urgences o\u00f9 les chr\u00e9tiens ont rendez-vous avec le Christ.<br><a href=\"https:\/\/bape19.com\/wp-content\/uploads\/2020\/12\/Hors-de-la-messe-point-de-salut.pdf\">https:\/\/bape19.com\/wp-content\/uploads\/2020\/12\/Hors-de-la-messe-point-de-salut.pdf<\/a><\/p>\n\n\n\n<h2 class=\"has-text-color wp-block-heading\" id=\"l-eglise-a-deux-visages-jacques-tersou\" style=\"color:#c85b12\"><strong>L\u2019\u00c9GLISE A DEUX VISAGES<\/strong> &#8211; Jacques Tersou<\/h2>\n\n\n\n<p class=\"has-background wp-block-paragraph\" style=\"background-color:#e6cfc2\">Le p\u00e8re Jacques Tersou nous livre ses r\u00e9flexions sur la situation actuelle de l\u2019\u00c9glise et ce qui nous engage comme croyant dans ces temps difficiles<br><a href=\"https:\/\/bape19.com\/wp-content\/uploads\/2020\/11\/LEglise-a-deux-visages-JT.pdf\">https:\/\/bape19.com\/wp-content\/uploads\/2020\/11\/LEglise-a-deux-visages-JT.pdf<\/a><\/p>\n\n\n\n<hr class=\"wp-block-separator has-text-color has-background has-black-background-color has-black-color is-style-wide\"\/>\n\n\n\n<h2 class=\"has-text-color wp-block-heading\" id=\"faire-de-nous-une-presence-reelle-maurice-zundel\" style=\"color:#63cf4e\"><strong>FAIRE DE NOUS UNE PR\u00c9SENCE R\u00c9ELLE<\/strong> &#8211; Maurice Zundel<\/h2>\n\n\n\n<p class=\"has-background wp-block-paragraph\" style=\"background-color:#e6e1a4\">Ce texte de 1963 nous ouvre une perspective large sur l&rsquo;eucharistie et sur notre pr\u00e9sence au monde, bien utile dans ces temps ou certains manifestent pour une eucharistie en cl\u00f4ture, dans l&rsquo;\u00c9glise.<br><a href=\"https:\/\/bape19.com\/wp-content\/uploads\/2020\/11\/Faire-de-nous-une-presence-reelle-M-Zundel.pdf\">https:\/\/bape19.com\/wp-content\/uploads\/2020\/11\/Faire-de-nous-une-presence-reelle-M-Zundel.pdf<\/a><\/p>\n\n\n\n<hr class=\"wp-block-separator has-text-color has-background has-black-background-color has-black-color is-style-wide\"\/>\n\n\n\n<p class=\"has-text-color has-medium-font-size wp-block-paragraph\" style=\"color:#9733b8\"><strong>POUTINISATION DE L\u2019\u00c9GLISE<\/strong> &#8211; Hans Kung<\/p>\n\n\n\n<p class=\"has-background wp-block-paragraph\" style=\"background-color:#e7d3e7\">Un article du \u00ab\u00a0Point\u00a0\u00bb qui analyse l&rsquo;\u00e9tat de l\u2019\u00c9glise aujourd&rsquo;hui et les racines des dysfonctionnements. <br><a href=\"https:\/\/bape19.com\/wp-content\/uploads\/2020\/11\/Hans-Kung-le-point-1.pdf\">https:\/\/bape19.com\/wp-content\/uploads\/2020\/11\/Hans-Kung-le-point-1.pdf<\/a><\/p>\n\n\n\n<hr class=\"wp-block-separator has-text-color has-background has-black-background-color has-black-color is-style-wide\"\/>\n\n\n\n<h2 class=\"has-black-color has-text-color wp-block-heading\" id=\"journee-mondiale-de-pauvres-pascal-wintzer\"><strong>JOURN\u00c9E MONDIALE DE PAUVRES<\/strong> &#8211; Pascal Wintzer<\/h2>\n\n\n\n<p class=\"has-background wp-block-paragraph\" style=\"background-color:#e0ddbe\">le dimanche 15 Novembre 2020 l&rsquo;archev\u00eaque de Poitiers nous livrait un guide du confinement, en regard de l&rsquo;actualit\u00e9 pas toujours r\u00e9jouissante du monde et de l\u2019\u00c9glise.<br><a href=\"https:\/\/bape19.com\/wp-content\/uploads\/2020\/11\/journee-mondiale-des-pauvres.pdf\">https:\/\/bape19.com\/wp-content\/uploads\/2020\/11\/journee-mondiale-des-pauvres.pdf<\/a><\/p>\n\n\n\n<hr class=\"wp-block-separator has-text-color has-background has-black-background-color has-black-color is-style-wide\"\/>\n\n\n\n<figure class=\"wp-block-image size-large is-resized\"><img loading=\"lazy\" decoding=\"async\" src=\"https:\/\/bape19.com\/wp-content\/uploads\/2020\/11\/la-soeur-qui-quete-edited.png\" alt=\"\" class=\"wp-image-617\" width=\"430\" height=\"430\" srcset=\"https:\/\/bape19.com\/wp-content\/uploads\/2020\/11\/la-soeur-qui-quete-edited.png 992w, https:\/\/bape19.com\/wp-content\/uploads\/2020\/11\/la-soeur-qui-quete-edited-300x300.png 300w, https:\/\/bape19.com\/wp-content\/uploads\/2020\/11\/la-soeur-qui-quete-edited-150x150.png 150w, https:\/\/bape19.com\/wp-content\/uploads\/2020\/11\/la-soeur-qui-quete-edited-768x768.png 768w\" sizes=\"auto, (max-width: 430px) 100vw, 430px\" \/><figcaption>Pour la journ\u00e9e mondiale des pauvres c&rsquo;est le minimum !<\/figcaption><\/figure>\n\n\n\n<hr class=\"wp-block-separator has-text-color has-background has-black-background-color has-black-color is-style-wide\"\/>\n\n\n\n<h2 class=\"has-text-color wp-block-heading\" id=\"conference-de-rene-poujol\" style=\"color:#0015cc\"><strong>CONFERENCE DE RENE POUJOL<\/strong><\/h2>\n\n\n\n<p class=\"has-background wp-block-paragraph\" style=\"background-color:#fdd2f1\">Le <strong>samedi 26 Septembre<\/strong>, de 14h 30 \u00e0 16h30 \u00e0 la Salle de l&rsquo;Auzellou <strong>\u00e0 Tulle,<\/strong> s&rsquo;est tenue la conf\u00e9rence de <strong>Ren\u00e9 Poujol<\/strong>, journaliste autour de son livre <strong>\u00ab\u00a0Catholiques en Libert\u00e9\u00a0\u00bb<\/strong>. <strong>Une cinquantaine de participants<\/strong> ont partag\u00e9 ce temps fort \u00e0 travers  un \u00e9change et un dialogue avec Ren\u00e9 Poujol. Apr\u00e8s son d\u00e9part, l\u2019\u00e9quipe d&rsquo;animation a pr\u00e9sent\u00e9 et soumis \u00e0 l&rsquo;approbation de l&rsquo;assembl\u00e9e les propositions d&rsquo;action pour l&rsquo;ann\u00e9e en cours.<\/p>\n\n\n\n<div class=\"wp-block-group\"><div class=\"wp-block-group__inner-container is-layout-flow wp-block-group-is-layout-flow\">\n<figure class=\"wp-block-gallery columns-2 is-cropped wp-block-gallery-1 is-layout-flex wp-block-gallery-is-layout-flex\"><ul class=\"blocks-gallery-grid\"><li class=\"blocks-gallery-item\"><figure><img loading=\"lazy\" decoding=\"async\" width=\"1024\" height=\"501\" src=\"https:\/\/bape19.com\/wp-content\/uploads\/2020\/09\/IMG_20200926_140902-1024x501.jpg\" alt=\"\" data-id=\"583\" data-full-url=\"https:\/\/bape19.com\/wp-content\/uploads\/2020\/09\/IMG_20200926_140902-scaled.jpg\" data-link=\"https:\/\/bape19.com\/img_20200926_140902\/\" class=\"wp-image-583\" srcset=\"https:\/\/bape19.com\/wp-content\/uploads\/2020\/09\/IMG_20200926_140902-1024x501.jpg 1024w, https:\/\/bape19.com\/wp-content\/uploads\/2020\/09\/IMG_20200926_140902-300x147.jpg 300w, https:\/\/bape19.com\/wp-content\/uploads\/2020\/09\/IMG_20200926_140902-768x376.jpg 768w, https:\/\/bape19.com\/wp-content\/uploads\/2020\/09\/IMG_20200926_140902-1536x751.jpg 1536w, https:\/\/bape19.com\/wp-content\/uploads\/2020\/09\/IMG_20200926_140902-2048x1002.jpg 2048w\" sizes=\"auto, (max-width: 1024px) 100vw, 1024px\" \/><\/figure><\/li><li class=\"blocks-gallery-item\"><figure><img loading=\"lazy\" decoding=\"async\" width=\"1024\" height=\"768\" src=\"https:\/\/bape19.com\/wp-content\/uploads\/2020\/09\/IMG_20200926_142026-1024x768.jpg\" alt=\"Ren\u00e9 Poujol\" data-id=\"587\" data-full-url=\"https:\/\/bape19.com\/wp-content\/uploads\/2020\/09\/IMG_20200926_142026-scaled.jpg\" data-link=\"https:\/\/bape19.com\/img_20200926_142026\/\" class=\"wp-image-587\" srcset=\"https:\/\/bape19.com\/wp-content\/uploads\/2020\/09\/IMG_20200926_142026-1024x768.jpg 1024w, https:\/\/bape19.com\/wp-content\/uploads\/2020\/09\/IMG_20200926_142026-300x225.jpg 300w, https:\/\/bape19.com\/wp-content\/uploads\/2020\/09\/IMG_20200926_142026-768x576.jpg 768w, https:\/\/bape19.com\/wp-content\/uploads\/2020\/09\/IMG_20200926_142026-1536x1152.jpg 1536w, https:\/\/bape19.com\/wp-content\/uploads\/2020\/09\/IMG_20200926_142026-2048x1536.jpg 2048w\" sizes=\"auto, (max-width: 1024px) 100vw, 1024px\" \/><\/figure><\/li><\/ul><\/figure>\n<\/div><\/div>\n\n\n\n<hr class=\"wp-block-separator has-text-color has-background has-black-background-color has-black-color is-style-wide\"\/>\n\n\n\n<h2 class=\"has-text-color wp-block-heading\" id=\"absence-reelle-et-messe\" style=\"color:#e8553f\"><strong><span style=\"color:#ef5847\" class=\"has-inline-color\">ABSENCE R\u00c9ELLE et MESSE<\/span><\/strong><\/h2>\n\n\n\n<p class=\"has-background wp-block-paragraph\" style=\"background-color:#dff6eb\"> Le <strong>2020-04-06 &#8211; Gr\u00e9gory Solari<\/strong>-La Croix <br><em>Deux mots cr\u00e8vent les \u00e9crans, les conversations num\u00e9riques, peut-\u00eatre m\u00eame les mauvais r\u00eaves qui chahutent nos nuits&nbsp;: pand\u00e9mie et confinement. Tous les discours \u2013 sanitaires, politiques, eccl\u00e9siaux\u2026 \u2013 se relaient pour expliquer, \u00e0 juste titre sans doute, qu\u2019il ne saurait y avoir d\u2019issue \u00e0 cette crise sanitaire mondiale sans une restriction drastique de notre vie sociale.<\/em><a href=\"https:\/\/bape19.com\/wp-content\/uploads\/2020\/06\/Absence-r\u00e9elle-et-messe-TVb.pdf\">https:\/\/bape19.com\/wp-content\/uploads\/2020\/06\/Absence-r\u00e9elle-et-messe-TVb.pdf<\/a><\/p>\n\n\n\n<figure class=\"wp-block-image size-large is-resized\"><img loading=\"lazy\" decoding=\"async\" src=\"https:\/\/bape19.com\/wp-content\/uploads\/2020\/06\/j\u00e9sus-\u00e0-Table.gif\" alt=\"\" class=\"wp-image-544\" width=\"566\" height=\"425\"\/><figcaption>Pour l&rsquo;humour (l&rsquo;amour) de nos fr\u00e8res !<\/figcaption><\/figure>\n\n\n\n<hr class=\"wp-block-separator has-text-color has-background has-black-background-color has-black-color is-style-wide\"\/>\n\n\n\n<h2 class=\"has-text-color wp-block-heading\" id=\"le-manque-est-une-occasion-de-conversion\" style=\"color:#e9885e\"><strong><span style=\"color:#ee7452\" class=\"has-inline-color\">\u00ab LE MANQUE EST UNE OCCASION DE CONVERSION \u00bb<\/span><\/strong><\/h2>\n\n\n\n<p class=\"has-drop-cap has-background wp-block-paragraph\" style=\"background-color:#e8eebb\">Alors que nous ressentons le manque de messe,<strong> le th\u00e9ologien j\u00e9suite Christoph Theobald <\/strong>nous invite \u00e0 regarder plus loin. Ce manque impos\u00e9 nous fait, selon lui, d\u00e9couvrir un d\u00e9sir de renouvellement de l\u2019\u00c9glise selon la tradition de l\u2019\u00c9glise primitive.<\/p>\n\n\n\n<hr class=\"wp-block-separator has-text-color has-background has-black-background-color has-black-color is-style-wide\"\/>\n\n\n\n<h2 class=\"has-text-color wp-block-heading\" id=\"deconfiner-les-eglises-ou-deconfiner-l-eglise\" style=\"color:#d82d0e\"><strong><span style=\"color:#ee785e\" class=\"has-inline-color\">D\u00c9CONFINER LES \u00c9GLISES OU D\u00c9CONFINER L\u2019<\/span><span style=\"color:#f08662\" class=\"has-inline-color\">\u00c9GLISE ?<\/span><\/strong><\/h2>\n\n\n\n<p class=\"has-drop-cap has-background wp-block-paragraph\" style=\"background-color:#e2c9e7\"><strong>P<\/strong>ar Ren\u00e9 Poujol, le 29.04.2020 sur son blog : <br><strong>Et si la reprise du culte n\u2019\u00e9tait finalement que l\u2019arbre qui cache la for\u00eat !<\/strong><br>Le gouvernement n\u2019a donc pas acc\u00e9d\u00e9 \u00e0 la <a href=\"https:\/\/eglise.catholique.fr\/espace-presse\/communiques-de-presse\/498079-assemblee-pleniere-24-avril-2020-communique-final\/\">demande des \u00e9v\u00eaques de France <\/a>de rouvrir les \u00e9glises au culte \u00e0 partir du 11 mai. Ce n\u2019est que le 2 juin prochain qu\u2019elles pourront \u2013 sans doute \u2013 accueillir \u00e0 nouveau les fid\u00e8les pour des offices, tout en respectant les gestes barri\u00e8re exig\u00e9s, l\u00e0 comme ailleurs, par la lutte contre la pand\u00e9mie de coronavirus. : https:\/\/bape19.com\/wp-content\/uploads\/2020\/06\/texte-Poujol-d\u00e9confiner-lEglise-29.04.20.pdf<\/p>\n\n\n\n<h2 class=\"has-text-color wp-block-heading\" style=\"color:#f37659\"><strong><span style=\"color:#ef7458\" class=\"has-inline-color\"> <\/span><\/strong><\/h2>\n\n\n\n<h2 class=\"has-text-color wp-block-heading\" id=\"les-lieux-de-culte-fermes-un-signe-de-dieu\" style=\"color:#f37659\"><strong><strong><span style=\"color:#f17053\" class=\"has-inline-color\">LES LIEUX DE CULTE FERM\u00c9S, UN SIGNE DE DIEU ?<\/span><\/strong><\/strong><\/h2>\n\n\n\n<p class=\"wp-block-paragraph\"><\/p>\n\n\n\n<p class=\"has-drop-cap has-background wp-block-paragraph\" style=\"background-color:#d8daff\"> L\u2019<strong>\u00c9glise doit sortir de son confinement spirituel<\/strong>, estime Tom\u00e1s Halik. \u00ab&nbsp;La Vie&nbsp;\u00bb publie la traduction d\u2019un texte sur le Covid 19 qui suscite le d\u00e9bat dans de nombreux pays. : <a href=\"https:\/\/bape19.com\/wp-content\/uploads\/2020\/05\/2020-05-Tomas-Halik.pdf\">https:\/\/bape19.com\/wp-content\/uploads\/2020\/05\/2020-05-Tomas-Halik.pdf<\/a><\/p>\n\n\n\n<h2 class=\"has-text-color wp-block-heading\" id=\"ou-dieu-est-il-donc-passe\" style=\"color:#e91047\">O\u00d9 DIEU EST-IL DONC PASS\u00c9 ?<\/h2>\n\n\n\n<p class=\"has-drop-cap has-background wp-block-paragraph\" style=\"background-color:#d8e4ad\">Un texte de Michael P. Moore sur <strong>nos doutes en ces temps de confinements<\/strong> :<br><a href=\"https:\/\/bape19.com\/wp-content\/uploads\/2020\/04\/2020-03-27-Michael-P.-Moore-O\u00f9-Dieu-est-il-donc-pass\u00e9-1.pdf\">https:\/\/bape19.com\/wp-content\/uploads\/2020\/04\/2020-03-27-Michael-P.-Moore-O\u00f9-Dieu-est-il-donc-pass\u00e9-1.pdf<\/a><\/p>\n\n\n\n<h2 class=\"has-text-color wp-block-heading\" id=\"une-liturgie-plus-humaine\" style=\"color:#e04e38\"><strong>UNE LITURGIE PLUS HUMAINE<\/strong><\/h2>\n\n\n\n<p class=\"has-drop-cap has-background wp-block-paragraph\" style=\"background-color:#f6f5cd\">Un texte de  Goffredo Boselli,  de la communaut\u00e9 de Bose en Italie, plaidoyer pour une liturgie plus humaine.<br>  <a href=\"https:\/\/bape19.com\/wp-content\/uploads\/2020\/04\/Une-liturgie-plus-humaine-dans-lEglise.pdf\">https:\/\/bape19.com\/wp-content\/uploads\/2020\/04\/Une-liturgie-plus-humaine-dans-lEglise.pdf<\/a> <\/p>\n\n\n\n<h2 class=\"has-text-color wp-block-heading\" id=\"priere-reste-a-la-maison\" style=\"color:#dd6706\">Pri\u00e8re : reste \u00e0 la maison <\/h2>\n\n\n\n<p class=\"has-drop-cap has-background wp-block-paragraph\" style=\"background-color:#daf3f5\"> Je reste \u00e0 la maison, Seigneur ! <br>Et aujourd\u2019hui, je m\u2019en rends compte,<br> Tu m\u2019as appris cela,<br> Demeurant ob\u00e9issant au P\u00e8re,<br> Pendant trente ans dans la maison de Nazareth,<br> En attente de la grande mission.<br><em>&#8230;.pour lire la suite t\u00e9l\u00e9charger le fichier ci-dessous<\/em><\/p>\n\n\n\n<div class=\"wp-block-file\"><a id=\"wp-block-file--media-785fbd22-2502-429b-936d-71776ccdc03d\" href=\"https:\/\/bape19.com\/wp-content\/uploads\/2020\/03\/JE-RESTE-A\u0300-LA-MAISON-1.pdf\">JE-RESTE-A\u0300-LA-MAISON-1<\/a><a href=\"https:\/\/bape19.com\/wp-content\/uploads\/2020\/03\/JE-RESTE-A\u0300-LA-MAISON-1.pdf\" class=\"wp-block-file__button\" download aria-describedby=\"wp-block-file--media-785fbd22-2502-429b-936d-71776ccdc03d\">T\u00e9l\u00e9charger<\/a><\/div>\n\n\n\n<h2 class=\"has-text-color wp-block-heading\" style=\"color:#da2d1b\"><\/h2>\n\n\n\n<h2 class=\"has-text-color wp-block-heading\" id=\"speranza-venue-d-ilalie\" style=\"color:#da2d1b\"> Speranza &#8230; venue d&rsquo;Ilalie <\/h2>\n\n\n\n<p class=\"has-drop-cap has-background wp-block-paragraph\" style=\"background-color:#ffebdc\">La SPERANZA \u00e9crit par  Soeur Olivia, de la congr\u00e9gation des religieuses de Marie Immacul\u00e9e <br> La Speranza, en Italie ces jours-ci, c\u2019est le ciel d\u2019un bleu d\u00e9pollu\u00e9 et provocant, c\u2019est le soleil qui brille obstin\u00e9ment sur les rues d\u00e9sertes, &#8230;<\/p>\n\n\n\n<div class=\"wp-block-file\"><a id=\"wp-block-file--media-13049690-efb9-49d5-a4d9-13cebcebc033\" href=\"https:\/\/bape19.com\/wp-content\/uploads\/2020\/03\/SPERANZA.pdf\">SPERANZA<\/a><a href=\"https:\/\/bape19.com\/wp-content\/uploads\/2020\/03\/SPERANZA.pdf\" class=\"wp-block-file__button\" download aria-describedby=\"wp-block-file--media-13049690-efb9-49d5-a4d9-13cebcebc033\">T\u00e9l\u00e9charger<\/a><\/div>\n\n\n\n<h2 class=\"has-text-color wp-block-heading\" id=\"pistes-pour-rebatir-l-eglise\" style=\"color:#eb4007\">Pistes pour reb\u00e2tir l\u2019\u00c9glise :<\/h2>\n\n\n\n<p class=\"has-text-color has-background wp-block-paragraph\" style=\"background-color:#edd2c2;color:#e8320e\"><a href=\"https:\/\/bape19.com\/wp-content\/uploads\/2020\/03\/2020-03-Piste-pour-rebatir-leglise-P.-Winzer-B.-Valentin.pdf\">https:\/\/bape19.com\/wp-content\/uplads\/2020\/03\/2020-03-Piste-pour-rebatir-leglise-P.-Winzer-B.-Valentin.pdf<\/a><\/p>\n\n\n\n<h2 class=\"has-text-color wp-block-heading\" id=\"tristes-nouvelles\" style=\"color:#eb2f12\">Tristes nouvelles<\/h2>\n\n\n\n<div class=\"wp-block-file\"><a id=\"wp-block-file--media-5ea3f155-c415-4ba1-a1dd-a89b05d1f137\" href=\"https:\/\/bape19.com\/wp-content\/uploads\/2020\/03\/D\u00e9c\u00e9s-Philippe-Outters.pdf\">D\u00e9c\u00e9s-Philippe-Outters<\/a><a href=\"https:\/\/bape19.com\/wp-content\/uploads\/2020\/03\/D\u00e9c\u00e9s-Philippe-Outters.pdf\" class=\"wp-block-file__button\" download aria-describedby=\"wp-block-file--media-5ea3f155-c415-4ba1-a1dd-a89b05d1f137\">T\u00e9l\u00e9charger<\/a><\/div>\n\n\n\n<p class=\"wp-block-paragraph\">6\u00a0767 vues<\/p>\n","protected":false},"excerpt":{"rendered":"<p>LA R\u00c9VOLUTION DE LA MIS\u00c9RICORDE ET UN NOUVEL OEUCUM\u00c9NISME &#8211; Mgr. Tomas Halik Tribune Professeur de philosophie et de sociologie de la religion \u00e0 l\u2019Universit\u00e9 Charles de Prague, Mgr&nbsp;Tomas Halik s\u2019inqui\u00e8te du foss\u00e9 qui grandit au sein de l\u2019\u00c9glise catholique &hellip; <a href=\"https:\/\/bape19.com\/?page_id=411\">Continuer la lecture <span class=\"meta-nav\">&rarr;<\/span><\/a><\/p>\n","protected":false},"author":1,"featured_media":0,"parent":0,"menu_order":0,"comment_status":"closed","ping_status":"closed","template":"","meta":{"_crdt_document":"","footnotes":""},"class_list":["post-411","page","type-page","status-publish","hentry"],"_links":{"self":[{"href":"https:\/\/bape19.com\/index.php?rest_route=\/wp\/v2\/pages\/411","targetHints":{"allow":["GET"]}}],"collection":[{"href":"https:\/\/bape19.com\/index.php?rest_route=\/wp\/v2\/pages"}],"about":[{"href":"https:\/\/bape19.com\/index.php?rest_route=\/wp\/v2\/types\/page"}],"author":[{"embeddable":true,"href":"https:\/\/bape19.com\/index.php?rest_route=\/wp\/v2\/users\/1"}],"replies":[{"embeddable":true,"href":"https:\/\/bape19.com\/index.php?rest_route=%2Fwp%2Fv2%2Fcomments&post=411"}],"version-history":[{"count":74,"href":"https:\/\/bape19.com\/index.php?rest_route=\/wp\/v2\/pages\/411\/revisions"}],"predecessor-version":[{"id":999,"href":"https:\/\/bape19.com\/index.php?rest_route=\/wp\/v2\/pages\/411\/revisions\/999"}],"wp:attachment":[{"href":"https:\/\/bape19.com\/index.php?rest_route=%2Fwp%2Fv2%2Fmedia&parent=411"}],"curies":[{"name":"wp","href":"https:\/\/api.w.org\/{rel}","templated":true}]}}