{"id":340,"date":"2020-02-21T17:11:06","date_gmt":"2020-02-21T16:11:06","guid":{"rendered":"http:\/\/bape19.com\/?page_id=340"},"modified":"2022-03-07T10:03:19","modified_gmt":"2022-03-07T09:03:19","slug":"articles-et-revues","status":"publish","type":"page","link":"https:\/\/bape19.com\/?page_id=340","title":{"rendered":"REVUES DE PRESSE"},"content":{"rendered":"\n<figure class=\"wp-block-image size-large is-resized\"><img loading=\"lazy\" decoding=\"async\" src=\"https:\/\/bape19.com\/wp-content\/uploads\/2020\/12\/revue-de-presse.png\" alt=\"\" class=\"wp-image-781\" width=\"669\" height=\"192\" srcset=\"https:\/\/bape19.com\/wp-content\/uploads\/2020\/12\/revue-de-presse.png 898w, https:\/\/bape19.com\/wp-content\/uploads\/2020\/12\/revue-de-presse-300x86.png 300w, https:\/\/bape19.com\/wp-content\/uploads\/2020\/12\/revue-de-presse-768x221.png 768w\" sizes=\"auto, (max-width: 669px) 100vw, 669px\" \/><figcaption>Nous mettons \u00e0 votre disposition des articles de revues, de journaux qui peuvent \u00e9clairer certains des sujets qui nous pr\u00e9occupent et qui montre la pluralit\u00e9 des consid\u00e9rations sur l&rsquo;Eglise.<\/figcaption><\/figure>\n\n\n\n<p class=\"has-text-align-center wp-block-paragraph\">1\u00a0661 vues<\/p>\n\n\n\n<h1 class=\"has-text-align-center has-background wp-block-heading\" style=\"background-color:#dfebd9\"><strong>La longue Crise des vocations, Un signal et un appel \u00e0 entrer dans une nouvelle vision de la vie de l&rsquo;\u00c9glise ?<\/strong><\/h1>\n\n\n\n<h2 class=\"has-text-align-center has-light-gray-background-color has-background wp-block-heading\"><em>par le <strong>P\u00e8re Nicolas de Bremond d&rsquo;Ars <\/strong>\/ La Croix<\/em><\/h2>\n\n\n\n<div data-wp-interactive=\"core\/file\" class=\"wp-block-file\"><object data-wp-bind--hidden=\"!state.hasPdfPreview\" hidden class=\"wp-block-file__embed\" data=\"https:\/\/bape19.com\/wp-content\/uploads\/2022\/03\/2022-03-La-longue-crise-des-vocations-P-Nicolas-de-Bremons-dars-1.pdf\" type=\"application\/pdf\" style=\"width:100%;height:600px\" aria-label=\"Contenu embarqu\u00e9 Embed of 2022-03-La-longue-crise-des-vocations-P-Nicolas-de-Bremons-dars-1..\"><\/object><a id=\"wp-block-file--media-3d69b0ef-3d39-48bc-bec2-d59705884244\" href=\"https:\/\/bape19.com\/wp-content\/uploads\/2022\/03\/2022-03-La-longue-crise-des-vocations-P-Nicolas-de-Bremons-dars-1.pdf\">2022-03-La-longue-crise-des-vocations-P-Nicolas-de-Bremons-dars-1<\/a><a href=\"https:\/\/bape19.com\/wp-content\/uploads\/2022\/03\/2022-03-La-longue-crise-des-vocations-P-Nicolas-de-Bremons-dars-1.pdf\" class=\"wp-block-file__button\" download aria-describedby=\"wp-block-file--media-3d69b0ef-3d39-48bc-bec2-d59705884244\">T\u00e9l\u00e9charger<\/a><\/div>\n\n\n\n<hr class=\"wp-block-separator has-text-color has-background has-blue-background-color has-blue-color is-style-wide\"\/>\n\n\n\n<h1 class=\"has-text-align-center has-text-color has-background wp-block-heading\" style=\"background-color:#fcfc74;color:#e33217\"><strong>Rapport Sauv\u00e9,  entre<\/strong><br><strong> \u00ab\u00a0Une saison en enfer et Voyage au bout de la nuit\u00a0\u00bb.<\/strong><\/h1>\n\n\n\n<pre id=\"block-a16fd97f-67b9-4bc3-9612-ab4e41f5f3fb\" class=\"wp-block-preformatted\">par <strong>REN\u00c9 POUJOL<\/strong> le 6 OCTOBRE 2021<\/pre>\n\n\n\n<div data-wp-interactive=\"core\/file\" class=\"wp-block-file\"><object data-wp-bind--hidden=\"!state.hasPdfPreview\" hidden class=\"wp-block-file__embed\" data=\"https:\/\/bape19.com\/wp-content\/uploads\/2021\/10\/rapport-Sauve-par-Rene-Poujol.pdf\" type=\"application\/pdf\" style=\"width:100%;height:240px\" aria-label=\"Contenu embarqu\u00e9 Embed of rapport-Sauve-par-Rene-Poujol..\"><\/object><a id=\"wp-block-file--media-c02df0f1-3f95-48be-891d-858f482f54eb\" href=\"https:\/\/bape19.com\/wp-content\/uploads\/2021\/10\/rapport-Sauve-par-Rene-Poujol.pdf\">rapport-Sauve-par-Rene-Poujol<\/a><a href=\"https:\/\/bape19.com\/wp-content\/uploads\/2021\/10\/rapport-Sauve-par-Rene-Poujol.pdf\" class=\"wp-block-file__button\" download aria-describedby=\"wp-block-file--media-c02df0f1-3f95-48be-891d-858f482f54eb\">T\u00e9l\u00e9charger<\/a><\/div>\n\n\n\n<hr class=\"wp-block-separator has-text-color has-background has-black-background-color has-black-color is-style-wide\"\/>\n\n\n\n<div data-wp-interactive=\"core\/file\" class=\"wp-block-file\"><object data-wp-bind--hidden=\"!state.hasPdfPreview\" hidden class=\"wp-block-file__embed\" data=\"https:\/\/bape19.com\/wp-content\/uploads\/2021\/06\/Egliqse-en-marche-Nathlie-Becquart.pdf\" type=\"application\/pdf\" style=\"width:100%;height:200px\" aria-label=\"Contenu embarqu\u00e9 Embed of 2021-05 &lt;strong&gt;Egliqse-en-marche-&lt;\/strong&gt;Soeur Nathlie-Becquart..\"><\/object><a id=\"wp-block-file--media-95ff77f5-cadd-48e3-a9a1-446a89188de2\" href=\"https:\/\/bape19.com\/wp-content\/uploads\/2021\/06\/Egliqse-en-marche-Nathlie-Becquart.pdf\">2021-05 <strong>Egliqse-en-marche-<\/strong>Soeur Nathlie-Becquart<\/a><a href=\"https:\/\/bape19.com\/wp-content\/uploads\/2021\/06\/Egliqse-en-marche-Nathlie-Becquart.pdf\" class=\"wp-block-file__button\" download aria-describedby=\"wp-block-file--media-95ff77f5-cadd-48e3-a9a1-446a89188de2\">Download<\/a><\/div>\n\n\n\n<div data-wp-interactive=\"core\/file\" class=\"wp-block-file\"><object data-wp-bind--hidden=\"!state.hasPdfPreview\" hidden class=\"wp-block-file__embed\" data=\"https:\/\/bape19.com\/wp-content\/uploads\/2021\/05\/Conference-des-baptises-mai-2021.pdf\" type=\"application\/pdf\" style=\"width:100%;height:200px\" aria-label=\"Contenu embarqu\u00e9 Embed of 2021-05&lt;strong&gt; L&apos;Eglise en mal de transformation&lt;\/strong&gt; Conference-des-baptises..\"><\/object><a id=\"wp-block-file--media-7abce4e2-5beb-4447-addc-93176edaaec4\" href=\"https:\/\/bape19.com\/wp-content\/uploads\/2021\/05\/Conference-des-baptises-mai-2021.pdf\">2021-05<strong> L&rsquo;Eglise en mal de transformation<\/strong> Conference-des-baptises<\/a><a href=\"https:\/\/bape19.com\/wp-content\/uploads\/2021\/05\/Conference-des-baptises-mai-2021.pdf\" class=\"wp-block-file__button\" download aria-describedby=\"wp-block-file--media-7abce4e2-5beb-4447-addc-93176edaaec4\">Download<\/a><\/div>\n\n\n\n<div class=\"wp-block-file\"><a id=\"wp-block-file--media-57dbece3-14da-48d8-9782-8ae86f977982\" href=\"https:\/\/bape19.com\/wp-content\/uploads\/2020\/12\/2020-12-revolution-misericorde-Mgr-Thomas-Halik.pdf\"><br>2020-12-<strong>Revolution-misericorde et nouvel oeucum\u00e9nisme<\/strong> -Mgr-Tomas-Halik<\/a><a href=\"https:\/\/bape19.com\/wp-content\/uploads\/2020\/12\/2020-12-revolution-misericorde-Mgr-Thomas-Halik.pdf\" class=\"wp-block-file__button\" download aria-describedby=\"wp-block-file--media-57dbece3-14da-48d8-9782-8ae86f977982\">T\u00e9l\u00e9charger<\/a><\/div>\n\n\n\n<div class=\"wp-block-file\"><a id=\"wp-block-file--media-a6ff3768-5217-4a3f-a23b-109aa48a2eb5\" href=\"https:\/\/bape19.com\/wp-content\/uploads\/2020\/12\/Hors-de-la-messe-point-de-salut.pdf\"><br>2020-11-06  <strong>Hors-de-la-messe-point-de-salut<\/strong> -Monique Baujard, &amp; Anne-Marie Pelletier<\/a><a href=\"https:\/\/bape19.com\/wp-content\/uploads\/2020\/12\/Hors-de-la-messe-point-de-salut.pdf\" class=\"wp-block-file__button\" download aria-describedby=\"wp-block-file--media-a6ff3768-5217-4a3f-a23b-109aa48a2eb5\">T\u00e9l\u00e9charge<\/a><\/div>\n\n\n\n<div class=\"wp-block-file\"><a id=\"wp-block-file--media-d8514735-8d70-4e39-86bc-19e75b0d75c7\" href=\"https:\/\/bape19.com\/wp-content\/uploads\/2020\/11\/Faire-de-nous-une-presence-reelle-M-Zundel.pdf\">1963 &#8211;<strong>Faire-de-nous-une-presence-reelle<\/strong>-M-Zundel<\/a><a href=\"https:\/\/bape19.com\/wp-content\/uploads\/2020\/11\/Faire-de-nous-une-presence-reelle-M-Zundel.pdf\" class=\"wp-block-file__button\" download aria-describedby=\"wp-block-file--media-d8514735-8d70-4e39-86bc-19e75b0d75c7\">T\u00e9l\u00e9charger<\/a><\/div>\n\n\n\n<div class=\"wp-block-file\"><a id=\"wp-block-file--media-550d8245-d257-403a-a789-aedfe4fd80e0\" href=\"https:\/\/bape19.com\/wp-content\/uploads\/2020\/11\/Hans-Kung-le-point-1.pdf\">2020-<strong>Poutinisation de l\u2019\u00c9glise<\/strong> -Hans-Kung-le-point<\/a><a href=\"https:\/\/bape19.com\/wp-content\/uploads\/2020\/11\/Hans-Kung-le-point-1.pdf\" class=\"wp-block-file__button\" download aria-describedby=\"wp-block-file--media-550d8245-d257-403a-a789-aedfe4fd80e0\">T\u00e9l\u00e9charger<\/a><\/div>\n\n\n\n<div class=\"wp-block-file\"><a id=\"wp-block-file--media-304c364c-b74b-4ef3-922e-dde7823fe20c\" href=\"https:\/\/bape19.com\/wp-content\/uploads\/2020\/11\/journee-mondiale-des-pauvres.pdf\">2020-11-15 <strong>journee-mondiale-des-pauvres<\/strong><\/a><a href=\"https:\/\/bape19.com\/wp-content\/uploads\/2020\/11\/journee-mondiale-des-pauvres.pdf\" class=\"wp-block-file__button\" download aria-describedby=\"wp-block-file--media-304c364c-b74b-4ef3-922e-dde7823fe20c\">T\u00e9l\u00e9charger<\/a><\/div>\n\n\n\n<div class=\"wp-block-file\"><a id=\"wp-block-file--media-5f1a2608-b060-4762-818a-06eaa6960a6c\" href=\"https:\/\/bape19.com\/wp-content\/uploads\/2020\/05\/2020-05-Tomas-Halik.pdf\">2020-05-  <strong>LES LIEUX DE CULTE FERM\u00c9S, UN SIGNE DE DIEU ?<\/strong> Tomas-Halik<\/a><a href=\"https:\/\/bape19.com\/wp-content\/uploads\/2020\/05\/2020-05-Tomas-Halik.pdf\" class=\"wp-block-file__button\" download aria-describedby=\"wp-block-file--media-5f1a2608-b060-4762-818a-06eaa6960a6c\">T\u00e9l\u00e9charger<\/a><\/div>\n\n\n\n<div class=\"wp-block-file\"><a id=\"wp-block-file--media-50a489e9-e23b-4fad-8bc0-21578bd90466\" href=\"https:\/\/bape19.com\/wp-content\/uploads\/2020\/12\/2020-4-29-deconfiner-lEglise-R.-Poujol.pdf\">2020-4-29-<strong>Deconfiner-lEglise<\/strong>-R.-Poujol<\/a><a href=\"https:\/\/bape19.com\/wp-content\/uploads\/2020\/12\/2020-4-29-deconfiner-lEglise-R.-Poujol.pdf\" class=\"wp-block-file__button\" download aria-describedby=\"wp-block-file--media-50a489e9-e23b-4fad-8bc0-21578bd90466\">T\u00e9l\u00e9charger<\/a><\/div>\n\n\n\n<div class=\"wp-block-file\"><a id=\"wp-block-file--media-9939ac07-6923-4c0b-aa52-5d1e5ef289a2\" href=\"https:\/\/bape19.com\/wp-content\/uploads\/2020\/06\/ob_5753fb_christoph-theobald-le-manque-est-une-o.pdf\">2020-04-27 &#8211; <strong>le-manque est une occasion de conversion<\/strong> -Christoph-theobald<\/a><a href=\"https:\/\/bape19.com\/wp-content\/uploads\/2020\/06\/ob_5753fb_christoph-theobald-le-manque-est-une-o.pdf\" class=\"wp-block-file__button\" download aria-describedby=\"wp-block-file--media-9939ac07-6923-4c0b-aa52-5d1e5ef289a2\">T\u00e9l\u00e9charger<\/a><\/div>\n\n\n\n<div class=\"wp-block-file\"><a id=\"wp-block-file--media-e46b3516-0e4b-4b4d-bd2c-c806b06ccaf5\" href=\"https:\/\/bape19.com\/wp-content\/uploads\/2020\/06\/Absence-r\u00e9elle-et-messe-TVb.pdf\">2020-04-06<strong> Absence-r\u00e9elle-et-messe<\/strong>-Gr\u00e9gory Solari -La Croix<\/a><a href=\"https:\/\/bape19.com\/wp-content\/uploads\/2020\/06\/Absence-r\u00e9elle-et-messe-TVb.pdf\" class=\"wp-block-file__button\" download aria-describedby=\"wp-block-file--media-e46b3516-0e4b-4b4d-bd2c-c806b06ccaf5\">T\u00e9l\u00e9charger<\/a><\/div>\n\n\n\n<div class=\"wp-block-file\"><a id=\"wp-block-file--media-2e1df988-02ad-4043-b5d1-aa66e0104ed2\" href=\"https:\/\/bape19.com\/wp-content\/uploads\/2020\/04\/Une-liturgie-plus-humaine-dans-lEglise.pdf\">2020-03 <strong>Une-liturgie-plus-humaine-dans-l&rsquo; Eglise<\/strong><\/a><a href=\"https:\/\/bape19.com\/wp-content\/uploads\/2020\/04\/Une-liturgie-plus-humaine-dans-lEglise.pdf\" class=\"wp-block-file__button\" download aria-describedby=\"wp-block-file--media-2e1df988-02ad-4043-b5d1-aa66e0104ed2\">T\u00e9l\u00e9charger<\/a><\/div>\n\n\n\n<div class=\"wp-block-file\"><a id=\"wp-block-file--media-1fcebb62-0094-4a6f-bb73-241c7d184b7d\" href=\"https:\/\/bape19.com\/wp-content\/uploads\/2020\/04\/2020-03-27-Michael-P.-Moore-O\u00f9-Dieu-est-il-donc-pass\u00e9-1.pdf\">2020-03-27-<strong>Michael P.-Moore O\u00f9-Dieu est-il donc-pass\u00e9<\/strong> ?<\/a><a href=\"https:\/\/bape19.com\/wp-content\/uploads\/2020\/04\/2020-03-27-Michael-P.-Moore-O\u00f9-Dieu-est-il-donc-pass\u00e9-1.pdf\" class=\"wp-block-file__button\" download aria-describedby=\"wp-block-file--media-1fcebb62-0094-4a6f-bb73-241c7d184b7d\">T\u00e9l\u00e9charger<\/a><\/div>\n\n\n\n<div class=\"wp-block-file\"><a id=\"wp-block-file--media-c16b6ee7-4199-4438-8ff2-92cb2737d566\" href=\"https:\/\/bape19.com\/wp-content\/uploads\/2020\/03\/2020-03-Piste-pour-rebatir-leglise-P.-Winzer-B.-Valentin.pdf\">2020-03-<strong>Piste pour reb\u00e2tir l\u2019\u00c9glise &#8211; <\/strong>P.-Winzer &#8211; B.-Valentin<\/a><a href=\"https:\/\/bape19.com\/wp-content\/uploads\/2020\/03\/2020-03-Piste-pour-rebatir-leglise-P.-Winzer-B.-Valentin.pdf\" class=\"wp-block-file__button\" download aria-describedby=\"wp-block-file--media-c16b6ee7-4199-4438-8ff2-92cb2737d566\">T\u00e9l\u00e9charger<\/a><\/div>\n\n\n\n<div class=\"wp-block-file\"><a id=\"wp-block-file--media-e818bcfc-89aa-425e-a20d-bf6791126f94\" href=\"https:\/\/bape19.com\/wp-content\/uploads\/2020\/03\/2019-11-08-B.latour.pdf\">2019-11-08  <strong>Qu\u2019est-ce que le christianisme peut apporter \u00e0 la transition \u00e9cologique ?<\/strong>  B. Latour  <\/a><a href=\"https:\/\/bape19.com\/wp-content\/uploads\/2020\/03\/2019-11-08-B.latour.pdf\" class=\"wp-block-file__button\" download aria-describedby=\"wp-block-file--media-e818bcfc-89aa-425e-a20d-bf6791126f94\">T\u00e9l\u00e9charger<\/a><\/div>\n\n\n\n<div class=\"wp-block-file\"><a id=\"wp-block-file--media-ddf7adb3-9efb-4014-ad34-1f9ad0cf7aa7\" href=\"https:\/\/bape19.com\/wp-content\/uploads\/2020\/03\/2019-11-reparonleglise-la-croix.pdf\">2019-11-<strong>R\u00e9parons l\u2019\u00c9glise<\/strong> &#8211; la croix<\/a><a href=\"https:\/\/bape19.com\/wp-content\/uploads\/2020\/03\/2019-11-reparonleglise-la-croix.pdf\" class=\"wp-block-file__button\" download aria-describedby=\"wp-block-file--media-ddf7adb3-9efb-4014-ad34-1f9ad0cf7aa7\">T\u00e9l\u00e9charger<\/a><\/div>\n\n\n\n<div class=\"wp-block-file\"><a id=\"wp-block-file--media-b492d40e-6ed0-4c79-9573-2504d9bb7a29\" href=\"https:\/\/bape19.com\/wp-content\/uploads\/2020\/03\/2019-10-Etudes-entretien-avec-christoph-theobald-vers-une-eglise-hospitaliere.pdf\">2019-10- <strong>\u00c9tudes entretien avec Christoph Theobald vers une \u00c9glise hospitali\u00e8re<\/strong><\/a><a href=\"https:\/\/bape19.com\/wp-content\/uploads\/2020\/03\/2019-10-Etudes-entretien-avec-christoph-theobald-vers-une-eglise-hospitaliere.pdf\" class=\"wp-block-file__button\" download aria-describedby=\"wp-block-file--media-b492d40e-6ed0-4c79-9573-2504d9bb7a29\">T\u00e9l\u00e9charger<\/a><\/div>\n\n\n\n<div class=\"wp-block-file\"><a id=\"wp-block-file--media-940863cf-a7f1-4227-81b4-5c1d3c162295\" href=\"https:\/\/bape19.com\/wp-content\/uploads\/2020\/03\/2019-10-01-La-PMA-et-lEglise-XGilig.pdf\">2019-10-01-<strong>La-PMA-et-l&rsquo;Eglise-XGilig<\/strong><\/a><a href=\"https:\/\/bape19.com\/wp-content\/uploads\/2020\/03\/2019-10-01-La-PMA-et-lEglise-XGilig.pdf\" class=\"wp-block-file__button\" download aria-describedby=\"wp-block-file--media-940863cf-a7f1-4227-81b4-5c1d3c162295\">T\u00e9l\u00e9charger<\/a><\/div>\n\n\n\n<div class=\"wp-block-file\"><a id=\"wp-block-file--media-9ea0058a-4862-442c-9a25-7812fa1c99bf\" href=\"https:\/\/bape19.com\/wp-content\/uploads\/2020\/03\/2019-07-25-POUR-UNE-EGLISE-A-DIMENSION-HUMAINE-Albert-Rouet-1-1.pdf\">2019-07-25-<strong>Pour une \u00c9glise \u00e0 dimension humaine-Albert-Rouet<\/strong><\/a><a href=\"https:\/\/bape19.com\/wp-content\/uploads\/2020\/03\/2019-07-25-POUR-UNE-EGLISE-A-DIMENSION-HUMAINE-Albert-Rouet-1-1.pdf\" class=\"wp-block-file__button\" download aria-describedby=\"wp-block-file--media-9ea0058a-4862-442c-9a25-7812fa1c99bf\">T\u00e9l\u00e9charger<\/a><\/div>\n\n\n\n<div class=\"wp-block-file\"><a id=\"wp-block-file--media-25164f02-48eb-41f7-a085-18ea6fa62c19\" href=\"https:\/\/bape19.com\/wp-content\/uploads\/2020\/02\/2019-06-29-lettre-de-Fran\u00e7ois-\u00e0-l\u00e9glise-Allemande.pdf\">2019-06-29-<strong>Lettre-de-Fran\u00e7ois-\u00e0-l\u00e9glise-Allemande<\/strong><\/a><a href=\"https:\/\/bape19.com\/wp-content\/uploads\/2020\/02\/2019-06-29-lettre-de-Fran\u00e7ois-\u00e0-l\u00e9glise-Allemande.pdf\" class=\"wp-block-file__button\" download aria-describedby=\"wp-block-file--media-25164f02-48eb-41f7-a085-18ea6fa62c19\">T\u00e9l\u00e9charger<\/a><\/div>\n\n\n\n<div class=\"wp-block-file\"><a id=\"wp-block-file--media-0bb4a74d-d3c3-42a3-9a61-50c91b69c8a4\" href=\"https:\/\/bape19.com\/wp-content\/uploads\/2020\/03\/2019-03-nouveaux-lieux-ecclesiaux-pour-regenerer-l-eglise-en-europe-Aranud-Join-LLambert.pdf\">2019-03-<strong>Nouveaux lieux \u00e9cclesiaux pour regenerer l&rsquo;eglise-en-europe<\/strong>-Arnaud-Join-Lambert<\/a><a href=\"https:\/\/bape19.com\/wp-content\/uploads\/2020\/03\/2019-03-nouveaux-lieux-ecclesiaux-pour-regenerer-l-eglise-en-europe-Aranud-Join-LLambert.pdf\" class=\"wp-block-file__button\" download aria-describedby=\"wp-block-file--media-0bb4a74d-d3c3-42a3-9a61-50c91b69c8a4\">T\u00e9l\u00e9charger<\/a><\/div>\n\n\n\n<div class=\"wp-block-file\"><a id=\"wp-block-file--media-1eaef21c-4dd2-4bd6-a422-99d88c2c27cd\" href=\"https:\/\/bape19.com\/wp-content\/uploads\/2020\/12\/2016-11-06-Pour-une-EGlise-sans-pretres-Rene-Poujol-06.11.16.pdf\">2016-11-06-<strong>Pour-une-EGlise-sans-pretres-Rene-Poujol<\/strong>-06.11.16<\/a><a href=\"https:\/\/bape19.com\/wp-content\/uploads\/2020\/12\/2016-11-06-Pour-une-EGlise-sans-pretres-Rene-Poujol-06.11.16.pdf\" class=\"wp-block-file__button\" download aria-describedby=\"wp-block-file--media-1eaef21c-4dd2-4bd6-a422-99d88c2c27cd\">T\u00e9l\u00e9charger<\/a><\/div>\n\n\n\n<div class=\"wp-block-file\"><a id=\"wp-block-file--media-8a013d32-f6a7-4dab-92b6-36119aa93e17\" href=\"https:\/\/bape19.com\/wp-content\/uploads\/2020\/03\/Orientations-pastorales-Mgr-Bestion-2017.pdf\"><br>2017- <strong>Orientations pastorales<\/strong> &#8211; Mgr Bestion<\/a><a href=\"https:\/\/bape19.com\/wp-content\/uploads\/2020\/03\/Orientations-pastorales-Mgr-Bestion-2017.pdf\" class=\"wp-block-file__button\" download aria-describedby=\"wp-block-file--media-8a013d32-f6a7-4dab-92b6-36119aa93e17\">T\u00e9l\u00e9charger<\/a><\/div>\n\n\n\n<div class=\"wp-block-file\"><a id=\"wp-block-file--media-157121ab-7caf-47df-bc37-92dae97ffe3d\" href=\"https:\/\/bape19.com\/wp-content\/uploads\/2020\/03\/2014-02-23-n-ayons-pas-peur-d-afficher-nos-desaccords-avec-l-eglise-j-moingt.pdf\">2014-02-23-<strong>N&rsquo;ayons pas peur d&rsquo;afficher nos d\u00e9saccords avec l\u2019\u00c9glise &#8211;<\/strong>Joseph Moingt<\/a><a href=\"https:\/\/bape19.com\/wp-content\/uploads\/2020\/03\/2014-02-23-n-ayons-pas-peur-d-afficher-nos-desaccords-avec-l-eglise-j-moingt.pdf\" class=\"wp-block-file__button\" download aria-describedby=\"wp-block-file--media-157121ab-7caf-47df-bc37-92dae97ffe3d\">T\u00e9l\u00e9charger<\/a><\/div>\n\n\n\n<p class=\"wp-block-paragraph\">1\u00a0661 vues<\/p>\n\n\n\n<hr class=\"wp-block-separator\"\/>\n","protected":false},"excerpt":{"rendered":"<p>La longue Crise des vocations, Un signal et un appel \u00e0 entrer dans une nouvelle vision de la vie de l&rsquo;\u00c9glise ? par le P\u00e8re Nicolas de Bremond d&rsquo;Ars \/ La Croix Rapport Sauv\u00e9, entre \u00ab\u00a0Une saison en enfer et &hellip; <a href=\"https:\/\/bape19.com\/?page_id=340\">Continuer la lecture <span class=\"meta-nav\">&rarr;<\/span><\/a><\/p>\n","protected":false},"author":1,"featured_media":0,"parent":0,"menu_order":0,"comment_status":"closed","ping_status":"closed","template":"","meta":{"_crdt_document":"","footnotes":""},"class_list":["post-340","page","type-page","status-publish","hentry"],"_links":{"self":[{"href":"https:\/\/bape19.com\/index.php?rest_route=\/wp\/v2\/pages\/340","targetHints":{"allow":["GET"]}}],"collection":[{"href":"https:\/\/bape19.com\/index.php?rest_route=\/wp\/v2\/pages"}],"about":[{"href":"https:\/\/bape19.com\/index.php?rest_route=\/wp\/v2\/types\/page"}],"author":[{"embeddable":true,"href":"https:\/\/bape19.com\/index.php?rest_route=\/wp\/v2\/users\/1"}],"replies":[{"embeddable":true,"href":"https:\/\/bape19.com\/index.php?rest_route=%2Fwp%2Fv2%2Fcomments&post=340"}],"version-history":[{"count":47,"href":"https:\/\/bape19.com\/index.php?rest_route=\/wp\/v2\/pages\/340\/revisions"}],"predecessor-version":[{"id":1075,"href":"https:\/\/bape19.com\/index.php?rest_route=\/wp\/v2\/pages\/340\/revisions\/1075"}],"wp:attachment":[{"href":"https:\/\/bape19.com\/index.php?rest_route=%2Fwp%2Fv2%2Fmedia&parent=340"}],"curies":[{"name":"wp","href":"https:\/\/api.w.org\/{rel}","templated":true}]}}