{"id":265,"date":"2020-02-20T09:34:36","date_gmt":"2020-02-20T08:34:36","guid":{"rendered":"http:\/\/bape19.com\/?page_id=265"},"modified":"2022-11-03T12:27:45","modified_gmt":"2022-11-03T11:27:45","slug":"qui-sommes-nous","status":"publish","type":"page","link":"https:\/\/bape19.com\/?page_id=265","title":{"rendered":"QUI SOMMES NOUS ?"},"content":{"rendered":"\n<figure class=\"wp-block-image size-large is-resized\"><img loading=\"lazy\" decoding=\"async\" src=\"https:\/\/bape19.com\/wp-content\/uploads\/2020\/11\/Qui-sommes-nous-.png\" alt=\"\" class=\"wp-image-731\" width=\"667\" height=\"163\" srcset=\"https:\/\/bape19.com\/wp-content\/uploads\/2020\/11\/Qui-sommes-nous-.png 894w, https:\/\/bape19.com\/wp-content\/uploads\/2020\/11\/Qui-sommes-nous--300x74.png 300w, https:\/\/bape19.com\/wp-content\/uploads\/2020\/11\/Qui-sommes-nous--768x189.png 768w\" sizes=\"auto, (max-width: 667px) 100vw, 667px\" \/><\/figure>\n\n\n\n<p class=\"has-text-align-center wp-block-paragraph\">2\u00a0409 vues<\/p>\n\n\n\n<hr class=\"wp-block-separator has-text-color has-black-color has-css-opacity has-black-background-color has-background is-style-wide\"\/>\n\n\n\n<p class=\"wp-block-paragraph\">\n\n\t\t\t\t\t\n\t\t\t\t\t\tPubli\u00e9 le <a href=\"https:\/\/bape19.com\/index.php\/2020\/02\/17\/qui-sommes-nous\/\">17 f\u00e9vrier 2020<\/a> par <a href=\"https:\/\/bape19.com\/index.php\/author\/admin9954\/\">admin9954<\/a><\/p>\n\n\n\n<figure class=\"wp-block-image is-resized\"><img loading=\"lazy\" decoding=\"async\" src=\"https:\/\/bape19.com\/wp-content\/uploads\/2020\/02\/2019-12-07-bape3-4-1024x404.png\" alt=\"\" class=\"wp-image-182\" width=\"487\" height=\"192\" srcset=\"https:\/\/bape19.com\/wp-content\/uploads\/2020\/02\/2019-12-07-bape3-4-1024x404.png 1024w, https:\/\/bape19.com\/wp-content\/uploads\/2020\/02\/2019-12-07-bape3-4-300x118.png 300w, https:\/\/bape19.com\/wp-content\/uploads\/2020\/02\/2019-12-07-bape3-4-768x303.png 768w, https:\/\/bape19.com\/wp-content\/uploads\/2020\/02\/2019-12-07-bape3-4.png 1405w\" sizes=\"auto, (max-width: 487px) 100vw, 487px\" \/><figcaption class=\"wp-element-caption\">Rencontres du 7 \/12\/2019<\/figcaption><\/figure>\n\n\n\n<p class=\"wp-block-paragraph\"><strong>Baptis\u00e9s, agissons pour notre \u00c9glise !<\/strong><br> Nous sommes catholiques parmi des catholiques. Nous ne revendiquons aucun pouvoir. Nous voulons juste habiter la place que le <strong>Concile Vatican II<\/strong> a faite aux la\u00efcs et<br>  participer de l\u2019int\u00e9rieur, en tant que baptis\u00e9s, \u00e0 l\u2019\u00e9volu1ion  n\u00e9cessaire de l\u2019\u00c9glise. Pour mieux r\u00e9pondre aux attentes de nos  contemporains, nous souhaitons, comme d\u2019autres le sont d\u00e9j\u00e0, \u00eatre force  de propositions, sans retour en arri\u00e8re, pour annoncer \u00e0 tous de mani\u00e8re  heureuse la \u00ab&nbsp;<strong>Bonne Nouvelle de l\u2019\u00c9vangile<\/strong>\u00ab&nbsp;.<br> <br>  Faisant suite aux 0rientations pastorales dioc\u00e9saines promulgu\u00e9es par  notre \u00e9v\u00eaque en 2016, nous nous inscrivons dans les appels au peuple de  Dieu de notre Pape Fran\u00e7ois : \u00ab&nbsp;j\u2019invite chacun \u00e0 \u00eatre audacieux et  cr\u00e9atif dans ce devoir de reprendre les objectifs, les structures et les  m\u00e9thodes \u00e9vang\u00e9lisatrices de leurs propres Communaut\u00e9s.&nbsp;\u00bb (<strong>la joie de   l\u2019\u00c9vangile  n\u00b033<\/strong>).<br> <\/p>\n\n\n\n<p class=\"wp-block-paragraph\">Nous sommes en France dans une \u00c9glise \nen crise grave. Nous, la\u00efcs dans l\u2019\u00c9glise,  voulons prendre la \nresponsabilit\u00e9 de la vivi\ufb01er en Corr\u00e8ze. Nous avons \u00e9t\u00e9 sensibles \u00e0  \nl\u2019op\u00e9ration de La Croix et du P\u00e8lerin \u00ab&nbsp;Ensemble reb\u00e2tir l\u2019\u00c9glise&nbsp;\u00bb en \nprenant la decision de nous rencontrer. Au-del\u00e0 de r\u00e9pondre \u00e0 cette \nop\u00e9ration, nous avons souhait\u00e9 agir et le faire en \u00c9glise. Nous savons \nque nous ne sommes pas les seuls dans notre dioc\u00e8se. comme en France et \ndans l\u2019\u00c9glise universelle. Nous sommes pr\u00eats \u00e0 prendre le risque de nous\n aventurer l\u00e0 o\u00f9 l\u2019Esprit Saint nous guidera. <\/p>\n\n\n\n<p class=\"wp-block-paragraph\">Nous prendrons des initiatives ouvertes\n sur la soci\u00e9t\u00e9 et sur l\u2019\u00c9glise car nous souhaitons \u00eatre de plain-pied \ndans les deux et favoriser un dialogue entre elles. Nous avons une foi \nincarn\u00e9e et avons besoin de nous retrouver, hommes et femmes, autour de \nl\u2019essentiel : <strong> la Bonne Nouvelle de l\u2019\u00c9vangile<\/strong>. Nous souhaitons participer \u00e0 une \u00c9glise au  service de l\u2019humanit\u00e9. <\/p>\n\n\n\n<p class=\"wp-block-paragraph\">Nous ouvrons nos propositions \u00e0 tous \nceux et celles qui le souhaitent. L\u2019\u00e9glise a besoin de chacun et de \nchacune pour marcher ensemble sur le chemin des B\u00e9atitudes. <\/p>\n\n\n\n<p class=\"has-black-color has-text-color has-background wp-block-paragraph\" style=\"background-color:#cfefcf\"><em><strong>Signataires et fondateurs<\/strong>  au 26\/07\/2019 (par ordre alphab\u00e9tique)  : Josianne Barri\u00e8re, Anne-Marie  et Jean-Marie Barthoumeyrou, Odile Chavanon, Catherine Faucher,  Marie-Laure  Giry, Christine Lach\u00e9ze, Philippe Michelet Martine Moulin,  Philippe  Outters, Jacques et Marie Rosier, Marie-Gabrielle Tournier,  Agn\u00e8s et Michel Wicquart<\/em> .<\/p>\n\n\n\n<p class=\"wp-block-paragraph\">A ce jour nous comptons une centaine de personnes qui ont d\u00e9sir\u00e9 rejoindre le groupe BAPE19. Ils ont \u00e9t\u00e9 ou sont engag\u00e9s dans l\u2019\u00c9glise, dans une paroisse, au service du dioc\u00e8se ou responsable d&rsquo;un mouvement d\u2019\u00e9glise ou d&rsquo;action catholique, ou parfois simples paroissiens.<\/p>\n\n\n\n<p class=\"wp-block-paragraph\">G\u00e9ographiquement ils sont bien r\u00e9partis sur le territoire corr\u00e9zien et certains sont m\u00eame en dehors de notre d\u00e9partement.<\/p>\n\n\n\n<div class=\"wp-block-group has-background\" style=\"background-color:#dbebcf\"><div class=\"wp-block-group__inner-container is-layout-flow wp-block-group-is-layout-flow\">\n<p class=\"wp-block-paragraph\">Si vous \u00eates sensibles \u00e0 la d\u00e9marche entreprise par Bape19, parlez en autour de vous, et signaler :<\/p>\n\n\n\n<ul class=\"wp-block-list\">\n<li>l&rsquo;adresse du site bape19.com et de la page \u00ab\u00a0Facebook bape\u00a0\u00bb <a href=\"https:\/\/www.latest.facebook.com\/ba.pe.50364\">(https:\/\/www.facebook.com\/ba.pe.50364<\/a>).<\/li>\n\n\n\n<li> pour recevoir la Newsletter bape19, s&rsquo;inscrire dans la rubrique \u00ab\u00a0REJOINDRE BAPE19\u00a0\u00bb.<a href=\"https:\/\/bape19.com\/index.php\/rejoindre-bape19\/\">https:\/\/bape19.com\/index.php\/rejoindre-bape19\/<\/a><\/li>\n\n\n\n<li>Courrier Email :  Bapecorreze@gmail.com<\/li>\n<\/ul>\n<\/div><\/div>\n\n\n\n<p class=\"wp-block-paragraph\">2\u00a0409 vues<\/p>\n","protected":false},"excerpt":{"rendered":"<p>Publi\u00e9 le 17 f\u00e9vrier 2020 par admin9954 Baptis\u00e9s, agissons pour notre \u00c9glise ! Nous sommes catholiques parmi des catholiques. Nous ne revendiquons aucun pouvoir. Nous voulons juste habiter la place que le Concile Vatican II a faite aux la\u00efcs et &hellip; <a href=\"https:\/\/bape19.com\/?page_id=265\">Continuer la lecture <span class=\"meta-nav\">&rarr;<\/span><\/a><\/p>\n","protected":false},"author":1,"featured_media":235,"parent":0,"menu_order":0,"comment_status":"closed","ping_status":"closed","template":"","meta":{"_crdt_document":"","footnotes":""},"class_list":["post-265","page","type-page","status-publish","has-post-thumbnail","hentry"],"_links":{"self":[{"href":"https:\/\/bape19.com\/index.php?rest_route=\/wp\/v2\/pages\/265","targetHints":{"allow":["GET"]}}],"collection":[{"href":"https:\/\/bape19.com\/index.php?rest_route=\/wp\/v2\/pages"}],"about":[{"href":"https:\/\/bape19.com\/index.php?rest_route=\/wp\/v2\/types\/page"}],"author":[{"embeddable":true,"href":"https:\/\/bape19.com\/index.php?rest_route=\/wp\/v2\/users\/1"}],"replies":[{"embeddable":true,"href":"https:\/\/bape19.com\/index.php?rest_route=%2Fwp%2Fv2%2Fcomments&post=265"}],"version-history":[{"count":42,"href":"https:\/\/bape19.com\/index.php?rest_route=\/wp\/v2\/pages\/265\/revisions"}],"predecessor-version":[{"id":1105,"href":"https:\/\/bape19.com\/index.php?rest_route=\/wp\/v2\/pages\/265\/revisions\/1105"}],"wp:featuredmedia":[{"embeddable":true,"href":"https:\/\/bape19.com\/index.php?rest_route=\/wp\/v2\/media\/235"}],"wp:attachment":[{"href":"https:\/\/bape19.com\/index.php?rest_route=%2Fwp%2Fv2%2Fmedia&parent=265"}],"curies":[{"name":"wp","href":"https:\/\/api.w.org\/{rel}","templated":true}]}}