{"id":230,"date":"2020-02-18T14:07:29","date_gmt":"2020-02-18T13:07:29","guid":{"rendered":"http:\/\/bape19.com\/?page_id=230"},"modified":"2021-10-11T11:22:49","modified_gmt":"2021-10-11T09:22:49","slug":"calendrier-agenda","status":"publish","type":"page","link":"https:\/\/bape19.com\/?page_id=230","title":{"rendered":"AGENDA"},"content":{"rendered":"\n<figure class=\"wp-block-image size-large is-resized\"><img loading=\"lazy\" decoding=\"async\" src=\"https:\/\/bape19.com\/wp-content\/uploads\/2020\/11\/Bandeaux-agenda-bape.png\" alt=\"\" class=\"wp-image-752\" width=\"666\" height=\"207\" srcset=\"https:\/\/bape19.com\/wp-content\/uploads\/2020\/11\/Bandeaux-agenda-bape.png 885w, https:\/\/bape19.com\/wp-content\/uploads\/2020\/11\/Bandeaux-agenda-bape-300x93.png 300w, https:\/\/bape19.com\/wp-content\/uploads\/2020\/11\/Bandeaux-agenda-bape-768x239.png 768w\" sizes=\"auto, (max-width: 666px) 100vw, 666px\" \/><\/figure>\n\n\n\n<p class=\"has-text-align-center wp-block-paragraph\">1\u00a0854 vues<\/p>\n\n\n\n<hr class=\"wp-block-separator has-text-color has-background has-black-background-color has-black-color is-style-wide\"\/>\n\n\n\n<p class=\"wp-block-paragraph\">Pour tout savoir des actions, des r\u00e9unions, des rencontres, des manifestations des conf\u00e9rences&#8230;BAPE19<\/p>\n\n\n\n<p class=\"wp-block-paragraph\">\n&#8211;\nJanvier 2020&nbsp;: cr\u00e9ation d\u2019une info lettre \u00ab&nbsp;Bonne\nNouvelle&nbsp;\u00bb<\/p>\n\n\n\n<p class=\"wp-block-paragraph\">&#8211;\nF\u00e9vrier 2020&nbsp;: ouverture d\u2019un Blog Bap\u00e9 19 \n<\/p>\n\n\n\n<p class=\"wp-block-paragraph\">&#8211; Samedi 28 mars 14h \u00e0 17h30&nbsp;: Partage et r\u00e9flexion avec la participation de Ren\u00e9 Poujol, auteur du livre \u00ab&nbsp;Catholique en Libert\u00e9&nbsp;\u00bb Ed Salvator (Cf <a href=\"https:\/\/bape19.com\/index.php\/revue-de-presse\/\">https:\/\/bape19.com\/index.php\/revue-de-presse\/<\/a> )<\/p>\n\n\n\n<p class=\"wp-block-paragraph\">&#8211; Samedi 20 Juin 14h \u00e0 17h30 : \u00c9changes et partages autour du th\u00e8me&nbsp;: Quelles actions pour apporter du neuf dans l\u2019Eglise ?  <\/p>\n\n\n\n<p class=\"wp-block-paragraph\">&#8211; \u00c9t\u00e9 2020&nbsp;: journ\u00e9e pique-nique fraternelle.<\/p>\n\n\n\n<p class=\"wp-block-paragraph\">1\u00a0854 vues<\/p>\n","protected":false},"excerpt":{"rendered":"<p>Pour tout savoir des actions, des r\u00e9unions, des rencontres, des manifestations des conf\u00e9rences&#8230;BAPE19 &#8211; Janvier 2020&nbsp;: cr\u00e9ation d\u2019une info lettre \u00ab&nbsp;Bonne Nouvelle&nbsp;\u00bb &#8211; F\u00e9vrier 2020&nbsp;: ouverture d\u2019un Blog Bap\u00e9 19 &#8211; Samedi 28 mars 14h \u00e0 17h30&nbsp;: Partage et r\u00e9flexion &hellip; <a href=\"https:\/\/bape19.com\/?page_id=230\">Continuer la lecture <span class=\"meta-nav\">&rarr;<\/span><\/a><\/p>\n","protected":false},"author":1,"featured_media":77,"parent":0,"menu_order":0,"comment_status":"closed","ping_status":"closed","template":"","meta":{"_crdt_document":"","footnotes":""},"class_list":["post-230","page","type-page","status-publish","has-post-thumbnail","hentry"],"_links":{"self":[{"href":"https:\/\/bape19.com\/index.php?rest_route=\/wp\/v2\/pages\/230","targetHints":{"allow":["GET"]}}],"collection":[{"href":"https:\/\/bape19.com\/index.php?rest_route=\/wp\/v2\/pages"}],"about":[{"href":"https:\/\/bape19.com\/index.php?rest_route=\/wp\/v2\/types\/page"}],"author":[{"embeddable":true,"href":"https:\/\/bape19.com\/index.php?rest_route=\/wp\/v2\/users\/1"}],"replies":[{"embeddable":true,"href":"https:\/\/bape19.com\/index.php?rest_route=%2Fwp%2Fv2%2Fcomments&post=230"}],"version-history":[{"count":9,"href":"https:\/\/bape19.com\/index.php?rest_route=\/wp\/v2\/pages\/230\/revisions"}],"predecessor-version":[{"id":922,"href":"https:\/\/bape19.com\/index.php?rest_route=\/wp\/v2\/pages\/230\/revisions\/922"}],"wp:featuredmedia":[{"embeddable":true,"href":"https:\/\/bape19.com\/index.php?rest_route=\/wp\/v2\/media\/77"}],"wp:attachment":[{"href":"https:\/\/bape19.com\/index.php?rest_route=%2Fwp%2Fv2%2Fmedia&parent=230"}],"curies":[{"name":"wp","href":"https:\/\/api.w.org\/{rel}","templated":true}]}}