{"id":219,"date":"2020-02-18T12:56:40","date_gmt":"2020-02-18T11:56:40","guid":{"rendered":"http:\/\/bape19.com\/?page_id=219"},"modified":"2022-09-08T17:05:16","modified_gmt":"2022-09-08T15:05:16","slug":"revue-de-presse","status":"publish","type":"page","link":"https:\/\/bape19.com\/?page_id=219","title":{"rendered":"DES LIVRES"},"content":{"rendered":"\n<figure class=\"wp-block-image size-large is-resized\"><img loading=\"lazy\" decoding=\"async\" src=\"https:\/\/bape19.com\/wp-content\/uploads\/2020\/12\/Les-livres-1024x332.png\" alt=\"\" class=\"wp-image-761\" width=\"668\" height=\"216\" srcset=\"https:\/\/bape19.com\/wp-content\/uploads\/2020\/12\/Les-livres-1024x332.png 1024w, https:\/\/bape19.com\/wp-content\/uploads\/2020\/12\/Les-livres-300x97.png 300w, https:\/\/bape19.com\/wp-content\/uploads\/2020\/12\/Les-livres-768x249.png 768w, https:\/\/bape19.com\/wp-content\/uploads\/2020\/12\/Les-livres.png 1309w\" sizes=\"auto, (max-width: 668px) 100vw, 668px\" \/><figcaption class=\"wp-element-caption\"><em>Pour s&rsquo;informer, pour savoir, pour \u00e9couter, pour analyser ce qui est publi\u00e9 sur la place des la\u00efcs dans <strong>l&rsquo;annonce de la Bonne nouvelle.<\/strong><\/em><\/figcaption><\/figure>\n\n\n\n<p class=\"has-text-align-center wp-block-paragraph\">1\u00a0735 vues<\/p>\n\n\n\n<h2 class=\"wp-block-heading\"><\/h2>\n\n\n\n<div class=\"wp-block-group is-nowrap is-layout-flex wp-container-core-group-is-layout-8f761849 wp-block-group-is-layout-flex\">\n<div class=\"wp-block-group\"><div class=\"wp-block-group__inner-container is-layout-flow wp-block-group-is-layout-flow\">\n<div class=\"wp-block-group is-vertical is-layout-flex wp-container-core-group-is-layout-4fc3f8e1 wp-block-group-is-layout-flex\">\n<hr class=\"wp-block-separator has-alpha-channel-opacity is-style-wide\"\/>\n\n\n\n<figure class=\"wp-block-image size-large is-resized\"><img loading=\"lazy\" decoding=\"async\" src=\"https:\/\/bape19.com\/wp-content\/uploads\/2022\/09\/IMG_20220820_180205-653x1024.jpg\" alt=\"\" class=\"wp-image-1096\" width=\"196\" height=\"308\" srcset=\"https:\/\/bape19.com\/wp-content\/uploads\/2022\/09\/IMG_20220820_180205-653x1024.jpg 653w, https:\/\/bape19.com\/wp-content\/uploads\/2022\/09\/IMG_20220820_180205-191x300.jpg 191w, https:\/\/bape19.com\/wp-content\/uploads\/2022\/09\/IMG_20220820_180205-768x1205.jpg 768w, https:\/\/bape19.com\/wp-content\/uploads\/2022\/09\/IMG_20220820_180205-979x1536.jpg 979w, https:\/\/bape19.com\/wp-content\/uploads\/2022\/09\/IMG_20220820_180205-1305x2048.jpg 1305w, https:\/\/bape19.com\/wp-content\/uploads\/2022\/09\/IMG_20220820_180205-scaled.jpg 1632w\" sizes=\"auto, (max-width: 196px) 100vw, 196px\" \/><\/figure>\n<\/div>\n\n\n\n<div class=\"wp-block-group\"><div class=\"wp-block-group__inner-container is-layout-flow wp-block-group-is-layout-flow\">\n<div class=\"wp-block-group\"><div class=\"wp-block-group__inner-container is-layout-flow wp-block-group-is-layout-flow\">\n<h1 class=\"has-background wp-block-heading\" style=\"background-color:#efe0b5\"> PRIEZ 15 JOURS AVEC JEAN DEBRUYNNE<\/h1>\n\n\n\n<div class=\"wp-block-group\"><div class=\"wp-block-group__inner-container is-layout-constrained wp-block-group-is-layout-constrained\">\n<p class=\"has-background wp-block-paragraph\" style=\"background-color:#dbcfad\"><p>Pr\u00eatre, po\u00e8te, \u00e9crivain, auteur de jeux sc\u00e9niques de chansons,<strong> Jean Debruynne<\/strong> (1925-2006) a tourn\u00e9 les mots comme des clefs qui ouvrent des chemins pour ceux qui l&rsquo;ont rencontr\u00e9, dans le scoutisme, la police, \u00e0 la revue Vermeil, dans l&rsquo;\u00e9glise qui va plus loins et qui est au service des pauvres. Pr\u00eatre de la Mission de France, il a profess\u00e9 comme ses fr\u00e8res l&rsquo;obeissance  au r\u00e9el, au service de l&rsquo;humain pour que sa parole, son souffle, permette \u00e0 tous de s&rsquo;ouvrir au message du Christ.<\/p>   <strong>Cet ouvrage \u00e9crit par 16 auteurs, et non par un seul comme le pr\u00e9sente la couverture, propose 15 jours, 15 textes de Jean et quinze textes qui les accompagnent pour nous donner envie de mieux d\u00e9couvrir l&rsquo;oeuvre d&rsquo;un vrai proph\u00e8te.<\/strong><\/p>\n\n\n\n<hr class=\"wp-block-separator has-alpha-channel-opacity is-style-wide\"\/>\n<\/div><\/div>\n<\/div><\/div>\n<\/div><\/div>\n<\/div><\/div>\n<\/div>\n\n\n\n<div class=\"wp-block-columns has-background is-layout-flex wp-container-core-columns-is-layout-8f761849 wp-block-columns-is-layout-flex\" style=\"background-color:#e9f6fb\">\n<div class=\"wp-block-column is-layout-flow wp-block-column-is-layout-flow\" style=\"flex-basis:33.33%\">\n<figure class=\"wp-block-image size-large is-resized\"><img loading=\"lazy\" decoding=\"async\" src=\"https:\/\/bape19.com\/wp-content\/uploads\/2021\/03\/et-le-peuple-eut-soif-775x1024.jpg\" alt=\"\" class=\"wp-image-842\" width=\"190\" height=\"250\" srcset=\"https:\/\/bape19.com\/wp-content\/uploads\/2021\/03\/et-le-peuple-eut-soif-775x1024.jpg 775w, https:\/\/bape19.com\/wp-content\/uploads\/2021\/03\/et-le-peuple-eut-soif-227x300.jpg 227w, https:\/\/bape19.com\/wp-content\/uploads\/2021\/03\/et-le-peuple-eut-soif-768x1015.jpg 768w, https:\/\/bape19.com\/wp-content\/uploads\/2021\/03\/et-le-peuple-eut-soif-1162x1536.jpg 1162w, https:\/\/bape19.com\/wp-content\/uploads\/2021\/03\/et-le-peuple-eut-soif-1550x2048.jpg 1550w, https:\/\/bape19.com\/wp-content\/uploads\/2021\/03\/et-le-peuple-eut-soif.jpg 1686w\" sizes=\"auto, (max-width: 190px) 100vw, 190px\" \/><\/figure>\n<\/div>\n\n\n\n<div class=\"wp-block-column is-layout-flow wp-block-column-is-layout-flow\" style=\"flex-basis:66.66%\">\n<h1 class=\"has-blue-color has-text-color wp-block-heading\">ET LE PEUPLE EUT SOIF<\/h1>\n\n\n\n<p class=\"wp-block-paragraph\">\u00ab&nbsp;Pour nous tous, la pand\u00e9mie a fonctionn\u00e9 et fonctionne encore comme un test de r\u00e9sistance et une loupe qui accuse les traits de ce qui existait auparavant. Quel sera l\u2019avenir de la tradition chr\u00e9tienne sur notre continent? C&rsquo;est la question que beaucoup d&rsquo;entre vous se posent et que je voudrais aborder en partant de notre situation actuelle, peut-\u00eatre propice \u00e0 ce qu&rsquo;autrefois on aurait appel\u00e9 un \u00ab&nbsp;examen de conscience\u00bb.<br>La seule chose qui m\u2019importe, c\u2019est qu&rsquo;a la lecture de cette lettre vous puissiez trouver une \u00ab&nbsp; source \u00bb ou que vous vous mettiez a sa recherche pour \u00e9tancher votre soif.&nbsp;\u00bb<\/p>\n\n\n\n<p class=\"wp-block-paragraph\">Christoph Theobald, j\u00e9suite, est un des meilleurs th\u00e9ologiens chr\u00e9tiens europ\u00e9ens. D\u2019origine allemande, il enseigne en France au Centre S\u00e8vres a Paris et travaille depuis longtemps au service de la formation permanente du dioc\u00e8se de Limoges. Il est r\u00e9dacteur en chef de la revue <em>Recherches<\/em><em> de science religieuse<\/em>, et collabore r\u00e9guli\u00e8rement \u00e0 la revue \u00c9tudes.<\/p>\n\n\n\n<p class=\"wp-block-paragraph\">Auteur de nombreux ouvrages remarqu\u00e9s, il est sp\u00e9cialiste de Vatican II. Il a publi\u00e9 chez Bayard <em>Transmettre un \u00e9vangile de libert\u00e9<\/em>, <em>Urgences pastorales<\/em> et <em>Vous avez dit vocation?<\/em><\/p>\n<\/div>\n<\/div>\n\n\n\n<div class=\"wp-block-group\"><div class=\"wp-block-group__inner-container is-layout-flow wp-block-group-is-layout-flow\">\n<h1 class=\"has-text-color has-background wp-block-heading\" style=\"color:#d07a2e;background-color:#f0e5be;font-size:1px\"><\/h1>\n\n\n\n<div class=\"wp-block-group has-background\" style=\"background-color:#f7f1ca\"><div class=\"wp-block-group__inner-container is-layout-flow wp-block-group-is-layout-flow\">\n<div class=\"wp-block-columns is-layout-flex wp-container-core-columns-is-layout-8f761849 wp-block-columns-is-layout-flex\">\n<div class=\"wp-block-column is-layout-flow wp-block-column-is-layout-flow\">\n<figure class=\"wp-block-image size-large is-resized\"><img loading=\"lazy\" decoding=\"async\" src=\"https:\/\/bape19.com\/wp-content\/uploads\/2021\/03\/Transformer-leglise-MCamdessus-5-614x1024.jpg\" alt=\"\" class=\"wp-image-841\" width=\"149\" height=\"249\" srcset=\"https:\/\/bape19.com\/wp-content\/uploads\/2021\/03\/Transformer-leglise-MCamdessus-5-614x1024.jpg 614w, https:\/\/bape19.com\/wp-content\/uploads\/2021\/03\/Transformer-leglise-MCamdessus-5-180x300.jpg 180w, https:\/\/bape19.com\/wp-content\/uploads\/2021\/03\/Transformer-leglise-MCamdessus-5-768x1280.jpg 768w, https:\/\/bape19.com\/wp-content\/uploads\/2021\/03\/Transformer-leglise-MCamdessus-5-921x1536.jpg 921w, https:\/\/bape19.com\/wp-content\/uploads\/2021\/03\/Transformer-leglise-MCamdessus-5-1228x2048.jpg 1228w, https:\/\/bape19.com\/wp-content\/uploads\/2021\/03\/Transformer-leglise-MCamdessus-5.jpg 1262w\" sizes=\"auto, (max-width: 149px) 100vw, 149px\" \/><\/figure>\n<\/div>\n\n\n\n<div class=\"wp-block-column is-layout-flow wp-block-column-is-layout-flow\" style=\"flex-basis:70%\">\n<h2 class=\"has-text-color has-background wp-block-heading\" style=\"color:#d07a2e;background-color:#f0e5be\"><strong>TRANSFORMER L\u2019\u00c9GLISE<\/strong><\/h2>\n\n\n\n<p class=\"has-background wp-block-paragraph\" style=\"background-color:#f9f2ce\"><strong>Quelques propositions \u00e0 la lumi\u00e8re de Frate\/\/i tutti<\/strong><br>L&rsquo;\u00c9glise vit aujourd&rsquo;hui une grande \u00e9preuve. Avec Michel Camdessus, un groupe de chr\u00e9tiens engag\u00e9s veut r\u00e9pondre \u00e0 l&rsquo;invitation du pape Fran\u00e7ois \u00e0 transformer l\u2019\u00c9glise. Il s&rsquo;agit \u00e0 la fois de rompre avec le cl\u00e9ricalisme, de r\u00e9nover ses r\u00e8gles et son discours sur les questions d&rsquo;affectivit\u00e9 et de sexualit\u00e9, de r\u00e9pondre aux attentes des jeunes et de s&rsquo;appuyer les uns sur les autres pour vivre l\u2019\u00c9vangile. Pour cela, comment sortir de tant de routines ? Comment l&rsquo;encyclique Fratelli tutti peut-elle contribuer \u00e0 davantage de fraternit\u00e9 ? Cet ouvrage propose<br>aussi que se r\u00e9unissent \u00e9v\u00eaques et fid\u00e8les pour pr\u00e9parer l&rsquo;avenir de l\u2019\u00c9glise par des innovations et des r\u00e9formes fond\u00e9es sur sa grande tradition et p\u00e9riodiquement \u00e9valu\u00e9es. Ainsi transform\u00e9e, l&rsquo;\u00c9glise reprendra sa marche sous le souffle de l&rsquo;Esprit et pourra continuer \u00e0 t\u00e9moigner de l\u2019\u00c9vangile aupr\u00e8s de nos contemporains.<br>Nouvelle \u00e9dition revue et augment\u00e9e. Sous la direction de Michel Camdessus, ancien directeur g\u00e9n\u00e9ral du FMI, ancien membre du conseil pontifical Justice et Paix. Avec les contributions th\u00e9ologiques d&rsquo;Herv\u00e9 Legrand op.<br>www.editions-bayard.com ISBN 978-2-227-49951-5<\/p>\n<\/div>\n<\/div>\n<\/div><\/div>\n<\/div><\/div>\n\n\n\n<hr class=\"wp-block-separator has-text-color has-black-color has-css-opacity has-black-background-color has-background is-style-wide\"\/>\n\n\n\n<h2 class=\"wp-block-heading\">Imaginer l\u2019\u00c9glise<\/h2>\n\n\n<div class=\"wp-block-image\">\n<figure class=\"alignleft size-large is-resized\"><img loading=\"lazy\" decoding=\"async\" src=\"https:\/\/bape19.com\/wp-content\/uploads\/2020\/09\/Iimaginer-leglise-763x1024.jpg\" alt=\"\" class=\"wp-image-604\" width=\"196\" height=\"262\" srcset=\"https:\/\/bape19.com\/wp-content\/uploads\/2020\/09\/Iimaginer-leglise-763x1024.jpg 763w, https:\/\/bape19.com\/wp-content\/uploads\/2020\/09\/Iimaginer-leglise-224x300.jpg 224w, https:\/\/bape19.com\/wp-content\/uploads\/2020\/09\/Iimaginer-leglise-768x1031.jpg 768w, https:\/\/bape19.com\/wp-content\/uploads\/2020\/09\/Iimaginer-leglise-1145x1536.jpg 1145w, https:\/\/bape19.com\/wp-content\/uploads\/2020\/09\/Iimaginer-leglise-1526x2048.jpg 1526w, https:\/\/bape19.com\/wp-content\/uploads\/2020\/09\/Iimaginer-leglise-scaled.jpg 1908w\" sizes=\"auto, (max-width: 196px) 100vw, 196px\" \/><\/figure>\n<\/div>\n\n\n<p class=\"has-background has-small-font-size wp-block-paragraph\" style=\"background-color:#e5f7c5\">L\u2019\u00c9glise catholique est en crise et cela entraine une perte de cr\u00e9dibilit\u00e9 de sa parole, dans une soci\u00e9t\u00e9 qui se s\u00e9cularise .<br>Comment dessiner une figure d\u2019\u00c9glise qui soit \u00e0 la fois fid\u00e8le \u00e0 l&rsquo;\u00c9vangile et capable d&rsquo;entrer en relation f\u00e9conde avec le monde actuel ? <br>Cela suppose une r\u00e9forme du fonctionnement de l&rsquo;\u00c9glise, de revoir le rapport entre \u00ab clercs \u00bb et \u00ab la\u00efcs \u00bb, de repenser la place des femmes et imaginer de nouveaux lieux .<br><br><strong>Par Enzo Bianchi, \u00c9tienne Grieu,Arnaud Join-Lambert, Herv\u00e9 Legrand, V\u00e9ronique Margron, Anne-Marie Pelletier, Christophe Th\u00e9obald<\/strong><\/p>\n\n\n\n<hr class=\"wp-block-separator has-text-color has-black-color has-css-opacity has-black-background-color has-background is-style-wide\"\/>\n\n\n\n<h1 class=\"has-text-color wp-block-heading\" style=\"color:#5b1edf\"><strong>Reb\u00e2tir l\u2019\u00c9glise ou laisser tomber ?<\/strong><\/h1>\n\n\n<div class=\"wp-block-image\">\n<figure class=\"alignleft size-medium\"><img loading=\"lazy\" decoding=\"async\" width=\"219\" height=\"300\" src=\"https:\/\/bape19.com\/wp-content\/uploads\/2020\/03\/Reb\u00e2tir-ou-laisser-tomber-B-Valentin-219x300.jpg\" alt=\"\" class=\"wp-image-463\" srcset=\"https:\/\/bape19.com\/wp-content\/uploads\/2020\/03\/Reb\u00e2tir-ou-laisser-tomber-B-Valentin-219x300.jpg 219w, https:\/\/bape19.com\/wp-content\/uploads\/2020\/03\/Reb\u00e2tir-ou-laisser-tomber-B-Valentin.jpg 617w\" sizes=\"auto, (max-width: 219px) 100vw, 219px\" \/><\/figure>\n<\/div>\n\n\n<p class=\"has-background has-small-font-size wp-block-paragraph\" style=\"background-color:#dfeed7\">La mise au jour r\u00e9cente des abus spirituels et sexuels semble  avoir \u00e9branl\u00e9 l\u2019\u00c9glise dans ses tr\u00e9fonds. Face \u00e0 la tentation du  d\u00e9couragement, l\u2019auteur nous fait r\u00e9entendre l\u2019urgence du message que  Dieu adressa un jour \u00e0 saint Fran\u00e7ois d\u2019Assise : \u00ab Va, et reb\u00e2tis ma  maison, qui, tu le vois, tombe en ruine. \u00bb Fort de son exp\u00e9rience  pastorale et avec une grande p\u00e9dagogie, il nous invite \u00e0 red\u00e9couvrir le  sens de notre appartenance \u00e0 l\u2019\u00c9glise et nous donne des raisons  concr\u00e8tes d\u2019agir et d\u2019esp\u00e9rer.  N\u00e9 en 1972, <strong>Bruno Valentin<\/strong> a \u00e9t\u00e9 nomm\u00e9 \u00e9v\u00eaque auxiliaire de Versailles par le pape Fran\u00e7ois en 2018. Il est aujourd\u2019hui le plus jeune \u00e9v\u00eaque fran\u00e7ais. <\/p>\n\n\n\n<hr class=\"wp-block-separator has-text-color has-black-color has-css-opacity has-black-background-color has-background is-style-wide\"\/>\n\n\n\n<h1 class=\"has-text-color wp-block-heading\" style=\"color:#46773b\"><strong>Essayer d&rsquo;autres Chemins<\/strong><\/h1>\n\n\n<div class=\"wp-block-image\">\n<figure class=\"alignleft size-medium\"><img loading=\"lazy\" decoding=\"async\" width=\"197\" height=\"300\" src=\"https:\/\/bape19.com\/wp-content\/uploads\/2020\/03\/Essayer-dautres-chemins-P-Winzer-197x300.jpg\" alt=\"\" class=\"wp-image-460\" srcset=\"https:\/\/bape19.com\/wp-content\/uploads\/2020\/03\/Essayer-dautres-chemins-P-Winzer-197x300.jpg 197w, https:\/\/bape19.com\/wp-content\/uploads\/2020\/03\/Essayer-dautres-chemins-P-Winzer.jpg 588w\" sizes=\"auto, (max-width: 197px) 100vw, 197px\" \/><\/figure>\n<\/div>\n\n\n<p class=\"has-background has-small-font-size wp-block-paragraph\" style=\"background-color:#e5f1df\">  \u00ab&nbsp;Un archev\u00eaque ne devrait pas dire cela\u0085&nbsp;\u00bb<br>  Face  \u00e0 la crise que traverse une \u00c9glise catholique affaiblie par la   s\u00e9cularisation, les scandales \u00e0 r\u00e9p\u00e9tition et nombre de bouleversements   sociaux ou culturels, l&rsquo;archev\u00eaque de Poitiers Mgr&nbsp;Pascal Wintzer   choisit de s&rsquo;exprimer ici en toute libert\u00e9. <br> &nbsp;<br>  S&rsquo;il  n&rsquo;est plus question selon lui de revenir \u00e0 la chr\u00e9tient\u00e9  d&rsquo;autrefois,  comment cependant faire entendre la voix de l&rsquo;\u00c9vangile  dans un monde o\u00f9  valeurs et mentalit\u00e9s se bousculent, o\u00f9 la  communication&nbsp;nous envahit au  quotidien ? Si on ne peut penser l&rsquo;\u00c9glise  ni la vivre sans l&rsquo;inscrire  dans le monde o\u00f9 elle s&rsquo;incarne, comment  \u00e9viter que les chr\u00e9tiens ne s&rsquo;y  diluent ou, \u00e0 l&rsquo;inverse, ne s&rsquo;enferment  dans un ghetto&nbsp;? <br> &nbsp;<br>  L&rsquo;\u00c9glise,  insiste l&rsquo;auteur, n&rsquo;est pas d&rsquo;abord envoy\u00e9e pour elle-m\u00eame  mais bien  pour annoncer une bonne nouvelle qui nous vient du Christ  m\u00eame. Cette  mission urgente a besoin de nos facult\u00e9s d&rsquo;imagination afin  d&rsquo;\u00eatre men\u00e9e  \u00e0 bien. Voil\u00e0 pourquoi Mgr Wintzer s&rsquo;interroge longuement  sur la  diversit\u00e9 des minist\u00e8res et l&rsquo;\u00e9volution n\u00e9cessaire de la place  des  pr\u00eatres. Le temps est venu, avec courage, d&rsquo;essayer d&rsquo;autres  chemins\u0085<br> &nbsp; &nbsp;<br> <em>N\u00e9 en 1959, Mgr <\/em><strong><em>Pascal Wintzer <\/em><\/strong><em>est  originaire du dioc\u00e8se de Rouen o\u00f9 il a \u00e9t\u00e9 ordonn\u00e9 pr\u00eatre en 1987. Il a  exerc\u00e9 les fonctions d&rsquo;aum\u00f4nier de lyc\u00e9e et d&rsquo;enseignant au s\u00e9minaire  d&rsquo;Issy-les-Moulineaux et \u00e0 l&rsquo;Institut catholique de Paris. \u00c9v\u00eaque  auxiliaire de Poitiers en 2007, il a \u00e9t\u00e9 nomm\u00e9 archev\u00eaque de ce m\u00eame  dioc\u00e8se en 2012 o\u00f9 il a succ\u00e9d\u00e9 \u00e0 Mgr Albert Rouet. <\/em>  <\/p>\n\n\n\n<hr class=\"wp-block-separator has-text-color has-css-opacity has-background is-style-wide\" style=\"background-color:#eb59a4;color:#eb59a4\"\/>\n\n\n\n<h1 class=\"has-text-color wp-block-heading\" style=\"color:#59e01a\"><strong>Catholique en Libert\u00e9 <\/strong><\/h1>\n\n\n\n<h3 class=\"wp-block-heading\">par <strong>Ren\u00e9 Poujol<\/strong>, journaliste<\/h3>\n\n\n<div class=\"wp-block-image\">\n<figure class=\"alignleft size-medium\"><img loading=\"lazy\" decoding=\"async\" width=\"205\" height=\"300\" src=\"https:\/\/bape19.com\/wp-content\/uploads\/2020\/02\/ren\u00e9pujol-205x300.jpg\" alt=\"\" class=\"wp-image-226\" srcset=\"https:\/\/bape19.com\/wp-content\/uploads\/2020\/02\/ren\u00e9pujol-205x300.jpg 205w, https:\/\/bape19.com\/wp-content\/uploads\/2020\/02\/ren\u00e9pujol-701x1024.jpg 701w, https:\/\/bape19.com\/wp-content\/uploads\/2020\/02\/ren\u00e9pujol-768x1122.jpg 768w, https:\/\/bape19.com\/wp-content\/uploads\/2020\/02\/ren\u00e9pujol-1051x1536.jpg 1051w, https:\/\/bape19.com\/wp-content\/uploads\/2020\/02\/ren\u00e9pujol-1402x2048.jpg 1402w, https:\/\/bape19.com\/wp-content\/uploads\/2020\/02\/ren\u00e9pujol.jpg 1536w\" sizes=\"auto, (max-width: 205px) 100vw, 205px\" \/><\/figure>\n<\/div>\n\n\n<p class=\"has-background has-small-font-size wp-block-paragraph\" style=\"background-color:#ddead8\"> Pr\u00e9face de Robert Scholtus<br> A 20 ans, Ren\u00e9 Poujol imaginait un roman dont le h\u00e9ros n\u2019acceptait<br> d\u2019h\u00e9ritage chr\u00e9tien que \u00ab\u00a0sous b\u00e9n\u00e9\ufb01ce d\u2019inventaire\u00a0\u00bb. Cinquante<br> ans apr\u00e8s, son roman, jamais \u00e9crit, s\u2019est confondu avec l\u2019hist0ire<br> de sa vie et celle de sa g\u00e9n\u00e9ration.<br> Dans ce livre, il analyse au scalpel la crise actuelle de l\u2019\u00c9glise. Tour<br> \u00e0 tour, il interpelle sa hi\u00e9rarchie sur ses d\u00e9rives centralisatrices,<br> cl\u00e9ricales et dogmatiques ; ses amis catholiques sur leurs travers<br> moralisateurs et intransigeants; ses concitoyens sur les d\u00e9rives<br> d\u2019une soci\u00e9t\u00e9 qui, au nom d\u2019une la\u00efcit\u00e9 d\u00e9voy\u00e9e, refuse d\u2019entendre<br> la sagesse des grandes traditions religieuses.<br> Cet essai n\u00e9cessaire, \u00e9crit dans un style clair et alerte, plaide pour<br> le pluralisme et la libert\u00e9 des enfants de Dieu. &lt;&lt; Cest pourquoi,<br> \u00e9crit Robert Scholtus dans la pr\u00e9face, on est en droit d\u2019esp\u00e9rer que<br> de jeunes catholiques, libres de tout pr\u00e9jug\u00e9, s\u2019exclameront apr\u00e8s<br> l\u2019av0ir lu : \u201cChapeau le journaliste l\u201d &gt;&gt;<br><em> <strong>RENE PUUJOL<\/strong> est journaliste et blogueur. ll a fait toute sa<br> carri\u00e8re dans le <strong>groupe Bayard<\/strong> o\u00f9 il a notamment dirig\u00e9 la r\u00e9daction<br> de l&rsquo;hebdomadaire P\u00e8lerin. Chez Salvator, il a d\u00e9j\u00e9 publi\u00e9 en 2014<br> <strong>Le secret spirituel de l&rsquo;abb\u00e9 Pierre<\/strong>, avec le p\u00e8re Jean-Marie Viennet.<br> ISBN I 978-2-7067-l865\u20146<\/em><\/p>\n\n\n\n<hr class=\"wp-block-separator has-text-color has-css-opacity has-background is-style-wide\" style=\"background-color:#5f8262;color:#5f8262\"\/>\n\n\n\n<h1 class=\"has-text-color wp-block-heading\" style=\"color:#e98e39\"><strong>Une autre \u00e9glise est possible<\/strong><\/h1>\n\n\n\n<p class=\"wp-block-paragraph\">par  <strong>Laurent Grzybowski et Anne Guillard<\/strong> <\/p>\n\n\n<div class=\"wp-block-image\">\n<figure class=\"alignleft size-medium\"><img loading=\"lazy\" decoding=\"async\" width=\"199\" height=\"300\" src=\"https:\/\/bape19.com\/wp-content\/uploads\/2020\/02\/Une-autre-Eglise-est-poible-2-199x300.png\" alt=\"\" class=\"wp-image-228\" srcset=\"https:\/\/bape19.com\/wp-content\/uploads\/2020\/02\/Une-autre-Eglise-est-poible-2-199x300.png 199w, https:\/\/bape19.com\/wp-content\/uploads\/2020\/02\/Une-autre-Eglise-est-poible-2.png 226w\" sizes=\"auto, (max-width: 199px) 100vw, 199px\" \/><\/figure>\n<\/div>\n\n\n<p class=\"has-background has-small-font-size wp-block-paragraph\" style=\"background-color:#e7f6dc\"> Les catholiques sont a un tournante leur histoire. Les \u00e9glises  se  vident et les scandales et les crimes se succ\u00e8dent, laissant   l\u2019institution d\u00e9munie et les croyants abasourdis. Pour inciter l\u2019\u00c9glise \u00e0  sortir de son impuissance et aider les fid\u00e8les \u00e0 d\u00e9passer la  tristesse  et la col\u00e8re, un journaliste et une universitaire catholiques  publient  cet appel. <br>Son but est d\u2019ouvrir  des d\u00e9bats et de sugg\u00e9rer  des r\u00e9formes, pour que le catholicisme adopte  une autre attitude :  moins dogmatique et plus incarn\u00e9e, moins  moralisatrice et plus<br> joyeuse,  moins infantilisante et plus \u00e9galitaire.  Au \ufb01l de vingt propositions,  des pistes concr\u00e8tes sont avanc\u00e9es. Elles  concernent l&rsquo;exercice du  pouvoir, le partage des responsabilit\u00e9s  entre clercs et la\u00efcs, la  formation des pr\u00eatres et des fid\u00e8les, l\u2019acc\u00e8s  des femmes aux  minist\u00e8res, la place des plus pauvres dans les  communaut\u00e9s paroissiales  ou encore la qualit\u00e9 des liturgies. Issus  de deux g\u00e9n\u00e9rations  diff\u00e9rentes, les auteurs de ce livre, engages  dans l\u2019\u00c9glise, veulent  diffuser un message d\u2019espoir : <strong>\u00ab\u00a0Oui, une autre Eglise est possible \u00ab\u00a0<\/strong><br><em><strong> Laurent Grzybowski,<\/strong> 58 ans, est journaliste \u00e0 <strong>l&rsquo;hebdomadaire  La Vie<\/strong> et auteur, compositeur, interpr\u00e8te de chants religieux et  liturgiques. Il est co-auteur de <strong>Une \u00c9glise pour le XXI\u201c si\u00e8cle (DDB,  2001). <\/strong><br><strong> Anne Guillard<\/strong>, 28 ans, est doctorante en philosophie politique \u00e0 <strong>Sciences Po Paris<\/strong> et en th\u00e9ologie \u00e0  <strong>l&rsquo;universit\u00e9 de Gen\u00e8ve<\/strong>. Elle est co-auteure de <strong>Plaidoyer pour un  nouvel engagement chr\u00e9tien (L&rsquo;Atelier, 2017).<\/strong><br>  ISBN  978-2-916842-64-6 <\/em><\/p>\n\n\n\n<hr class=\"wp-block-separator has-text-color has-blue-color has-css-opacity has-blue-background-color has-background is-style-wide\"\/>\n\n\n\n<p class=\"wp-block-paragraph\">1\u00a0735 vues<\/p>\n","protected":false},"excerpt":{"rendered":"<p>PRIEZ 15 JOURS AVEC JEAN DEBRUYNNE Pr\u00eatre, po\u00e8te, \u00e9crivain, auteur de jeux sc\u00e9niques de chansons, Jean Debruynne (1925-2006) a tourn\u00e9 les mots comme des clefs qui ouvrent des chemins pour ceux qui l&rsquo;ont rencontr\u00e9, dans le scoutisme, la police, \u00e0 &hellip; <a href=\"https:\/\/bape19.com\/?page_id=219\">Continuer la lecture <span class=\"meta-nav\">&rarr;<\/span><\/a><\/p>\n","protected":false},"author":1,"featured_media":0,"parent":0,"menu_order":0,"comment_status":"closed","ping_status":"closed","template":"","meta":{"_crdt_document":"","footnotes":""},"class_list":["post-219","page","type-page","status-publish","hentry"],"_links":{"self":[{"href":"https:\/\/bape19.com\/index.php?rest_route=\/wp\/v2\/pages\/219","targetHints":{"allow":["GET"]}}],"collection":[{"href":"https:\/\/bape19.com\/index.php?rest_route=\/wp\/v2\/pages"}],"about":[{"href":"https:\/\/bape19.com\/index.php?rest_route=\/wp\/v2\/types\/page"}],"author":[{"embeddable":true,"href":"https:\/\/bape19.com\/index.php?rest_route=\/wp\/v2\/users\/1"}],"replies":[{"embeddable":true,"href":"https:\/\/bape19.com\/index.php?rest_route=%2Fwp%2Fv2%2Fcomments&post=219"}],"version-history":[{"count":27,"href":"https:\/\/bape19.com\/index.php?rest_route=\/wp\/v2\/pages\/219\/revisions"}],"predecessor-version":[{"id":1102,"href":"https:\/\/bape19.com\/index.php?rest_route=\/wp\/v2\/pages\/219\/revisions\/1102"}],"wp:attachment":[{"href":"https:\/\/bape19.com\/index.php?rest_route=%2Fwp%2Fv2%2Fmedia&parent=219"}],"curies":[{"name":"wp","href":"https:\/\/api.w.org\/{rel}","templated":true}]}}