{"id":206,"date":"2020-02-18T11:47:29","date_gmt":"2020-02-18T10:47:29","guid":{"rendered":"http:\/\/bape19.com\/?page_id=206"},"modified":"2021-10-11T11:33:28","modified_gmt":"2021-10-11T09:33:28","slug":"rejoindre-bape19","status":"publish","type":"page","link":"https:\/\/bape19.com\/?page_id=206","title":{"rendered":"REJOINDRE BAPE19"},"content":{"rendered":"\n<figure class=\"wp-block-image size-large is-resized\"><img loading=\"lazy\" decoding=\"async\" src=\"https:\/\/bape19.com\/wp-content\/uploads\/2020\/11\/rejoindre-Bape.png\" alt=\"\" class=\"wp-image-715\" width=\"667\" height=\"168\" srcset=\"https:\/\/bape19.com\/wp-content\/uploads\/2020\/11\/rejoindre-Bape.png 899w, https:\/\/bape19.com\/wp-content\/uploads\/2020\/11\/rejoindre-Bape-300x76.png 300w, https:\/\/bape19.com\/wp-content\/uploads\/2020\/11\/rejoindre-Bape-768x195.png 768w\" sizes=\"auto, (max-width: 667px) 100vw, 667px\" \/><figcaption>Si vous voulez nous rejoindre, recevoir la Newsletter, connaitre le calendrier des manifestations, suivre les publications et manifestations sugg\u00e9r\u00e9es, alors inscrivez vous ici dans le cadre \u00ab\u00a0enregistrer un commentaire\u00a0\u00bb<\/figcaption><\/figure>\n\n\n\n<p class=\"has-text-align-center wp-block-paragraph\">11\u00a0610 vues<\/p>\n\n\n\n<p class=\"has-text-color wp-block-paragraph\" style=\"color:#dc123a\">Si vous voulez nous rejoindre, Indiquez nous :<\/p>\n\n\n\n<ol class=\"wp-block-list\"><li>vos noms et pr\u00e9noms,<\/li><li>votre adresse Email<\/li><li>Votre code Postal<\/li><li>Indiquer par un texte court l&rsquo;int\u00e9r\u00eat que vous portez \u00e0 BAPE 19 et vos suggestions. (en l&rsquo;absence de ce texte nous ne pouvons accepter votre demande)<\/li><\/ol>\n\n\n\n<p class=\"has-text-color wp-block-paragraph\" style=\"color:#dc123a\"> D\u00e8s r\u00e9ception nous vous confirmerons votre inscription sur nos listes.<\/p>\n\n\n\n<p class=\"wp-block-paragraph\">11\u00a0610 vues<\/p>\n","protected":false},"excerpt":{"rendered":"<p>Si vous voulez nous rejoindre, Indiquez nous : vos noms et pr\u00e9noms, votre adresse Email Votre code Postal Indiquer par un texte court l&rsquo;int\u00e9r\u00eat que vous portez \u00e0 BAPE 19 et vos suggestions. (en l&rsquo;absence de ce texte nous ne &hellip; <a href=\"https:\/\/bape19.com\/?page_id=206\">Continuer la lecture <span class=\"meta-nav\">&rarr;<\/span><\/a><\/p>\n","protected":false},"author":1,"featured_media":0,"parent":0,"menu_order":0,"comment_status":"open","ping_status":"closed","template":"","meta":{"_crdt_document":"","footnotes":""},"class_list":["post-206","page","type-page","status-publish","hentry"],"_links":{"self":[{"href":"https:\/\/bape19.com\/index.php?rest_route=\/wp\/v2\/pages\/206","targetHints":{"allow":["GET"]}}],"collection":[{"href":"https:\/\/bape19.com\/index.php?rest_route=\/wp\/v2\/pages"}],"about":[{"href":"https:\/\/bape19.com\/index.php?rest_route=\/wp\/v2\/types\/page"}],"author":[{"embeddable":true,"href":"https:\/\/bape19.com\/index.php?rest_route=\/wp\/v2\/users\/1"}],"replies":[{"embeddable":true,"href":"https:\/\/bape19.com\/index.php?rest_route=%2Fwp%2Fv2%2Fcomments&post=206"}],"version-history":[{"count":15,"href":"https:\/\/bape19.com\/index.php?rest_route=\/wp\/v2\/pages\/206\/revisions"}],"predecessor-version":[{"id":932,"href":"https:\/\/bape19.com\/index.php?rest_route=\/wp\/v2\/pages\/206\/revisions\/932"}],"wp:attachment":[{"href":"https:\/\/bape19.com\/index.php?rest_route=%2Fwp%2Fv2%2Fmedia&parent=206"}],"curies":[{"name":"wp","href":"https:\/\/api.w.org\/{rel}","templated":true}]}}